{"id":441,"date":"2024-09-15T21:01:04","date_gmt":"2024-09-15T21:01:04","guid":{"rendered":"https:\/\/handling.co.mz\/pt\/?page_id=441"},"modified":"2024-10-31T14:16:25","modified_gmt":"2024-10-31T14:16:25","slug":"bright-futures","status":"publish","type":"page","link":"https:\/\/handling.co.mz\/pt\/social-responsibility\/bright-futures\/","title":{"rendered":"Bright Futures"},"content":{"rendered":"\t\t<div data-elementor-type=\"wp-page\" data-elementor-id=\"441\" class=\"elementor elementor-441\">\n\t\t\t\t<div class=\"elementor-element elementor-element-834cf07 e-flex e-con-boxed e-con e-parent\" data-id=\"834cf07\" data-element_type=\"container\" data-settings=\"{&quot;background_background&quot;:&quot;classic&quot;}\">\n\t\t\t\t\t<div class=\"e-con-inner\">\n\t\t\t\t<div class=\"elementor-element elementor-element-46b055a elementor-widget elementor-widget-heading\" data-id=\"46b055a\" data-element_type=\"widget\" data-widget_type=\"heading.default\">\n\t\t\t\t<div class=\"elementor-widget-container\">\n\t\t\t<h1 class=\"elementor-heading-title elementor-size-default\">UM FUTURO MELHOR PARA TODOS<\/h1>\t\t<\/div>\n\t\t\t\t<\/div>\n\t\t\t\t\t<\/div>\n\t\t\t\t<\/div>\n\t\t<div class=\"elementor-element elementor-element-d8f410e e-flex e-con-boxed e-con e-parent\" data-id=\"d8f410e\" data-element_type=\"container\">\n\t\t\t\t\t<div class=\"e-con-inner\">\n\t\t<div class=\"elementor-element elementor-element-6a3b5eb e-con-full e-flex e-con e-child\" data-id=\"6a3b5eb\" data-element_type=\"container\">\n\t\t\t\t<div class=\"elementor-element elementor-element-522971c elementor-widget elementor-widget-image\" data-id=\"522971c\" data-element_type=\"widget\" data-widget_type=\"image.default\">\n\t\t\t\t<div class=\"elementor-widget-container\">\n\t\t\t\t\t\t\t\t\t\t\t\t\t<img fetchpriority=\"high\" decoding=\"async\" width=\"291\" height=\"291\" src=\"https:\/\/handling.co.mz\/pt\/wp-content\/uploads\/sites\/2\/2024\/09\/bright-future-logo.png\" class=\"attachment-large size-large wp-image-608\" alt=\"\" srcset=\"https:\/\/handling.co.mz\/pt\/wp-content\/uploads\/sites\/2\/2024\/09\/bright-future-logo.png 291w, https:\/\/handling.co.mz\/pt\/wp-content\/uploads\/sites\/2\/2024\/09\/bright-future-logo-150x150.png 150w\" sizes=\"(max-width: 291px) 100vw, 291px\" \/>\t\t\t\t\t\t\t\t\t\t\t\t\t<\/div>\n\t\t\t\t<\/div>\n\t\t\t\t<div class=\"elementor-element elementor-element-fd5b698 elementor-widget elementor-widget-heading\" data-id=\"fd5b698\" data-element_type=\"widget\" data-widget_type=\"heading.default\">\n\t\t\t\t<div class=\"elementor-widget-container\">\n\t\t\t<h2 class=\"elementor-heading-title elementor-size-default\">Na Handling, acreditamos que a educa\u00e7\u00e3o \u00e9 a base de uma sociedade pr\u00f3spera.<\/h2>\t\t<\/div>\n\t\t\t\t<\/div>\n\t\t\t\t<\/div>\n\t\t<div class=\"elementor-element elementor-element-70eeedb e-con-full e-flex e-con e-child\" data-id=\"70eeedb\" data-element_type=\"container\">\n\t\t\t\t<div class=\"elementor-element elementor-element-0e769b0 elementor-widget elementor-widget-text-editor\" data-id=\"0e769b0\" data-element_type=\"widget\" data-widget_type=\"text-editor.default\">\n\t\t\t\t<div class=\"elementor-widget-container\">\n\t\t\t\t\t\t\t<p><strong>Bright Futures: Nosso Projeto de Constru\u00e7\u00e3o de Escolas em Mo\u00e7ambique<\/strong><br \/>Nossa mais recente iniciativa, o Projeto Bright Futures, \u00e9 dedicada \u00e0 constru\u00e7\u00e3o e repara\u00e7\u00e3o de escolas necessitadas em todo Mo\u00e7ambique. Este projeto visa fornecer ambientes de aprendizagem seguros, resilientes e adequados para crian\u00e7as em todo o pa\u00eds.<\/p><p><strong>Atendendo Necessidades Urgentes<\/strong><br \/>Mo\u00e7ambique enfrenta desafios significativos em sua infraestrutura educacional, com muitas escolas danificadas por desastres naturais como inunda\u00e7\u00f5es e ciclones. Nosso projeto foca na reconstru\u00e7\u00e3o e fortalecimento dessas escolas para resistir a tais eventos, garantindo que a educa\u00e7\u00e3o continue ininterrupta mesmo diante da adversidade.<\/p><p><strong>Abordagem Abrangente<\/strong><br \/>Nossa abordagem \u00e9 dupla: construir novas escolas em \u00e1reas carentes e reparar as existentes que foram danificadas. Ao colaborar com as comunidades locais e aproveitar a experi\u00eancia de arquitetos e engenheiros, garantimos que cada escola seja constru\u00edda para durar e atenda \u00e0s necessidades espec\u00edficas de seus alunos.<\/p><p><strong>Olhando para o Futuro<\/strong><br \/>\u00c0 medida que continuamos a expandir nossos esfor\u00e7os, permanecemos comprometidos em fazer uma diferen\u00e7a duradoura em Mo\u00e7ambique. Nosso Projeto Bright Futures \u00e9 apenas uma das muitas maneiras pelas quais estamos trabalhando para criar mudan\u00e7as positivas e apoiar o desenvolvimento de comunidades resilientes e educadas.<\/p><p>Juntos, podemos construir um futuro mais brilhante, uma escola de cada vez.<\/p>\t\t\t\t\t\t<\/div>\n\t\t\t\t<\/div>\n\t\t\t\t<\/div>\n\t\t<div class=\"elementor-element elementor-element-16c6dcd e-grid e-con-full e-con e-child\" data-id=\"16c6dcd\" data-element_type=\"container\">\n\t\t\t\t<div class=\"elementor-element elementor-element-2cb73e6 elementor-widget elementor-widget-image\" data-id=\"2cb73e6\" data-element_type=\"widget\" data-widget_type=\"image.default\">\n\t\t\t\t<div class=\"elementor-widget-container\">\n\t\t\t\t\t\t\t\t\t\t\t\t\t<img decoding=\"async\" width=\"588\" height=\"501\" src=\"https:\/\/handling.co.mz\/pt\/wp-content\/uploads\/sites\/2\/2024\/09\/Layer-9.png\" class=\"attachment-large size-large wp-image-607\" alt=\"\" srcset=\"https:\/\/handling.co.mz\/pt\/wp-content\/uploads\/sites\/2\/2024\/09\/Layer-9.png 588w, https:\/\/handling.co.mz\/pt\/wp-content\/uploads\/sites\/2\/2024\/09\/Layer-9-300x256.png 300w\" sizes=\"(max-width: 588px) 100vw, 588px\" \/>\t\t\t\t\t\t\t\t\t\t\t\t\t<\/div>\n\t\t\t\t<\/div>\n\t\t\t\t<div class=\"elementor-element elementor-element-17f5da5 elementor-widget elementor-widget-image\" data-id=\"17f5da5\" data-element_type=\"widget\" data-widget_type=\"image.default\">\n\t\t\t\t<div class=\"elementor-widget-container\">\n\t\t\t\t\t\t\t\t\t\t\t\t\t<img decoding=\"async\" width=\"556\" height=\"497\" src=\"https:\/\/handling.co.mz\/pt\/wp-content\/uploads\/sites\/2\/2024\/09\/Layer-5.png\" class=\"attachment-large size-large wp-image-606\" alt=\"\" srcset=\"https:\/\/handling.co.mz\/pt\/wp-content\/uploads\/sites\/2\/2024\/09\/Layer-5.png 556w, https:\/\/handling.co.mz\/pt\/wp-content\/uploads\/sites\/2\/2024\/09\/Layer-5-300x268.png 300w\" sizes=\"(max-width: 556px) 100vw, 556px\" \/>\t\t\t\t\t\t\t\t\t\t\t\t\t<\/div>\n\t\t\t\t<\/div>\n\t\t\t\t<div class=\"elementor-element elementor-element-bcb6370 elementor-widget elementor-widget-image\" data-id=\"bcb6370\" data-element_type=\"widget\" data-widget_type=\"image.default\">\n\t\t\t\t<div class=\"elementor-widget-container\">\n\t\t\t\t\t\t\t\t\t\t\t\t\t<img loading=\"lazy\" decoding=\"async\" width=\"518\" height=\"545\" src=\"https:\/\/handling.co.mz\/pt\/wp-content\/uploads\/sites\/2\/2024\/09\/Layer-8.png\" class=\"attachment-large size-large wp-image-605\" alt=\"\" srcset=\"https:\/\/handling.co.mz\/pt\/wp-content\/uploads\/sites\/2\/2024\/09\/Layer-8.png 518w, https:\/\/handling.co.mz\/pt\/wp-content\/uploads\/sites\/2\/2024\/09\/Layer-8-285x300.png 285w\" sizes=\"(max-width: 518px) 100vw, 518px\" \/>\t\t\t\t\t\t\t\t\t\t\t\t\t<\/div>\n\t\t\t\t<\/div>\n\t\t\t\t<div class=\"elementor-element elementor-element-50b063f elementor-widget elementor-widget-image\" data-id=\"50b063f\" data-element_type=\"widget\" data-widget_type=\"image.default\">\n\t\t\t\t<div class=\"elementor-widget-container\">\n\t\t\t\t\t\t\t\t\t\t\t\t\t<img loading=\"lazy\" decoding=\"async\" width=\"559\" height=\"498\" src=\"https:\/\/handling.co.mz\/pt\/wp-content\/uploads\/sites\/2\/2024\/09\/Layer-34.png\" class=\"attachment-large size-large wp-image-604\" alt=\"\" srcset=\"https:\/\/handling.co.mz\/pt\/wp-content\/uploads\/sites\/2\/2024\/09\/Layer-34.png 559w, https:\/\/handling.co.mz\/pt\/wp-content\/uploads\/sites\/2\/2024\/09\/Layer-34-300x267.png 300w\" sizes=\"(max-width: 559px) 100vw, 559px\" \/>\t\t\t\t\t\t\t\t\t\t\t\t\t<\/div>\n\t\t\t\t<\/div>\n\t\t\t\t<div class=\"elementor-element elementor-element-9845c0e elementor-widget elementor-widget-image\" data-id=\"9845c0e\" data-element_type=\"widget\" data-widget_type=\"image.default\">\n\t\t\t\t<div class=\"elementor-widget-container\">\n\t\t\t\t\t\t\t\t\t\t\t\t\t<img loading=\"lazy\" decoding=\"async\" width=\"470\" height=\"661\" src=\"https:\/\/handling.co.mz\/pt\/wp-content\/uploads\/sites\/2\/2024\/10\/image-6.png\" class=\"attachment-large size-large wp-image-949\" alt=\"\" srcset=\"https:\/\/handling.co.mz\/pt\/wp-content\/uploads\/sites\/2\/2024\/10\/image-6.png 470w, https:\/\/handling.co.mz\/pt\/wp-content\/uploads\/sites\/2\/2024\/10\/image-6-213x300.png 213w\" sizes=\"(max-width: 470px) 100vw, 470px\" \/>\t\t\t\t\t\t\t\t\t\t\t\t\t<\/div>\n\t\t\t\t<\/div>\n\t\t\t\t<div class=\"elementor-element elementor-element-80c1169 elementor-widget elementor-widget-image\" data-id=\"80c1169\" data-element_type=\"widget\" data-widget_type=\"image.default\">\n\t\t\t\t<div class=\"elementor-widget-container\">\n\t\t\t\t\t\t\t\t\t\t\t\t\t<img loading=\"lazy\" decoding=\"async\" width=\"966\" height=\"546\" src=\"https:\/\/handling.co.mz\/pt\/wp-content\/uploads\/sites\/2\/2024\/09\/Layer-6.png\" class=\"attachment-large size-large wp-image-599\" alt=\"\" srcset=\"https:\/\/handling.co.mz\/pt\/wp-content\/uploads\/sites\/2\/2024\/09\/Layer-6.png 966w, https:\/\/handling.co.mz\/pt\/wp-content\/uploads\/sites\/2\/2024\/09\/Layer-6-300x170.png 300w, https:\/\/handling.co.mz\/pt\/wp-content\/uploads\/sites\/2\/2024\/09\/Layer-6-768x434.png 768w\" sizes=\"(max-width: 966px) 100vw, 966px\" \/>\t\t\t\t\t\t\t\t\t\t\t\t\t<\/div>\n\t\t\t\t<\/div>\n\t\t\t\t<\/div>\n\t\t\t\t\t<\/div>\n\t\t\t\t<\/div>\n\t\t\t\t<\/div>\n\t\t","protected":false},"excerpt":{"rendered":"<p>UM FUTURO MELHOR PARA TODOS Na Handling, acreditamos que a educa\u00e7\u00e3o \u00e9 a base de uma sociedade pr\u00f3spera. Bright Futures: Nosso Projeto de Constru\u00e7\u00e3o de Escolas em Mo\u00e7ambiqueNossa mais recente iniciativa, o Projeto Bright Futures, \u00e9 dedicada \u00e0 constru\u00e7\u00e3o e repara\u00e7\u00e3o de escolas necessitadas em todo Mo\u00e7ambique. Este projeto visa fornecer ambientes de aprendizagem seguros, [&hellip;]<\/p>\n","protected":false},"author":1,"featured_media":0,"parent":80,"menu_order":0,"comment_status":"closed","ping_status":"closed","template":"","meta":{"footnotes":""},"class_list":["post-441","page","type-page","status-publish","hentry","wpbf-post"],"_links":{"self":[{"href":"https:\/\/handling.co.mz\/pt\/wp-json\/wp\/v2\/pages\/441","targetHints":{"allow":["GET"]}}],"collection":[{"href":"https:\/\/handling.co.mz\/pt\/wp-json\/wp\/v2\/pages"}],"about":[{"href":"https:\/\/handling.co.mz\/pt\/wp-json\/wp\/v2\/types\/page"}],"author":[{"embeddable":true,"href":"https:\/\/handling.co.mz\/pt\/wp-json\/wp\/v2\/users\/1"}],"replies":[{"embeddable":true,"href":"https:\/\/handling.co.mz\/pt\/wp-json\/wp\/v2\/comments?post=441"}],"version-history":[{"count":29,"href":"https:\/\/handling.co.mz\/pt\/wp-json\/wp\/v2\/pages\/441\/revisions"}],"predecessor-version":[{"id":952,"href":"https:\/\/handling.co.mz\/pt\/wp-json\/wp\/v2\/pages\/441\/revisions\/952"}],"up":[{"embeddable":true,"href":"https:\/\/handling.co.mz\/pt\/wp-json\/wp\/v2\/pages\/80"}],"wp:attachment":[{"href":"https:\/\/handling.co.mz\/pt\/wp-json\/wp\/v2\/media?parent=441"}],"curies":[{"name":"wp","href":"https:\/\/api.w.org\/{rel}","templated":true}]}}