{"id":443,"date":"2024-09-15T21:02:37","date_gmt":"2024-09-15T21:02:37","guid":{"rendered":"https:\/\/handling.co.mz\/pt\/?page_id=443"},"modified":"2024-09-18T18:39:33","modified_gmt":"2024-09-18T18:39:33","slug":"casa-da-misericordia","status":"publish","type":"page","link":"https:\/\/handling.co.mz\/pt\/social-responsibility\/casa-da-misericordia\/","title":{"rendered":"Casa Da Misericordia"},"content":{"rendered":"\t\t<div data-elementor-type=\"wp-page\" data-elementor-id=\"443\" class=\"elementor elementor-443\">\n\t\t\t\t<div class=\"elementor-element elementor-element-8f31a56 e-flex e-con-boxed e-con e-parent\" data-id=\"8f31a56\" data-element_type=\"container\" data-settings=\"{&quot;background_background&quot;:&quot;classic&quot;}\">\n\t\t\t\t\t<div class=\"e-con-inner\">\n\t\t\t\t<div class=\"elementor-element elementor-element-d9dc50f elementor-widget elementor-widget-heading\" data-id=\"d9dc50f\" data-element_type=\"widget\" data-widget_type=\"heading.default\">\n\t\t\t\t<div class=\"elementor-widget-container\">\n\t\t\t<h1 class=\"elementor-heading-title elementor-size-default\">UM FUTURO MELHOR PARA TODOS<\/h1>\t\t<\/div>\n\t\t\t\t<\/div>\n\t\t\t\t\t<\/div>\n\t\t\t\t<\/div>\n\t\t<div class=\"elementor-element elementor-element-c4630cf e-flex e-con-boxed e-con e-parent\" data-id=\"c4630cf\" data-element_type=\"container\">\n\t\t\t\t\t<div class=\"e-con-inner\">\n\t\t<div class=\"elementor-element elementor-element-4a3053d e-con-full e-flex e-con e-child\" data-id=\"4a3053d\" data-element_type=\"container\">\n\t\t\t\t<div class=\"elementor-element elementor-element-cad8588 elementor-widget elementor-widget-image\" data-id=\"cad8588\" data-element_type=\"widget\" data-widget_type=\"image.default\">\n\t\t\t\t<div class=\"elementor-widget-container\">\n\t\t\t\t\t\t\t\t\t\t\t\t\t<img fetchpriority=\"high\" decoding=\"async\" width=\"294\" height=\"294\" src=\"https:\/\/handling.co.mz\/pt\/wp-content\/uploads\/sites\/2\/2024\/09\/Casa-Da-Misericordia-logo.png\" class=\"attachment-large size-large wp-image-521\" alt=\"\" srcset=\"https:\/\/handling.co.mz\/pt\/wp-content\/uploads\/sites\/2\/2024\/09\/Casa-Da-Misericordia-logo.png 294w, https:\/\/handling.co.mz\/pt\/wp-content\/uploads\/sites\/2\/2024\/09\/Casa-Da-Misericordia-logo-150x150.png 150w\" sizes=\"(max-width: 294px) 100vw, 294px\" \/>\t\t\t\t\t\t\t\t\t\t\t\t\t<\/div>\n\t\t\t\t<\/div>\n\t\t\t\t<div class=\"elementor-element elementor-element-0a35b11 elementor-widget elementor-widget-heading\" data-id=\"0a35b11\" data-element_type=\"widget\" data-widget_type=\"heading.default\">\n\t\t\t\t<div class=\"elementor-widget-container\">\n\t\t\t<h2 class=\"elementor-heading-title elementor-size-default\">Na Handling, temos orgulho de apoiar a Casa Da Misericordia, uma institui\u00e7\u00e3o de reabilita\u00e7\u00e3o dirigida pelo Padre Pereta.<\/h2>\t\t<\/div>\n\t\t\t\t<\/div>\n\t\t\t\t<\/div>\n\t\t<div class=\"elementor-element elementor-element-77893f6 e-con-full e-flex e-con e-child\" data-id=\"77893f6\" data-element_type=\"container\">\n\t\t\t\t<div class=\"elementor-element elementor-element-890475e elementor-widget elementor-widget-text-editor\" data-id=\"890475e\" data-element_type=\"widget\" data-widget_type=\"text-editor.default\">\n\t\t\t\t<div class=\"elementor-widget-container\">\n\t\t\t\t\t\t\t<p><strong>Apoio \u00e0 Reabilita\u00e7\u00e3o: Nosso Apoio \u00e0 Casa Da Misericordia<\/strong><br \/>Esta iniciativa not\u00e1vel visa reintegrar ex-prisioneiros na sociedade, ensinando-lhes habilidades valiosas e oferecendo-lhes uma segunda chance na vida.<\/p><p><strong>Capacitando Atrav\u00e9s da Educa\u00e7\u00e3o<\/strong><br \/>A Casa Da Misericordia foca em fornecer treinamento vocacional e oportunidades educacionais para ex-prisioneiros. Ao aprender novas habilidades, esses indiv\u00edduos podem encontrar empregos significativos e contribuir positivamente para suas comunidades.<\/p><p><strong>Colabora\u00e7\u00e3o Comunit\u00e1ria<\/strong><br \/>Colaboramos estreitamente com o Padre Pereta e sua equipe para apoiar sua miss\u00e3o. Nossas contribui\u00e7\u00f5es ajudam a financiar programas de treinamento, oficinas e outros recursos essenciais que facilitam o processo de reabilita\u00e7\u00e3o.<\/p><p><strong>Impacto a Longo Prazo<\/strong><br \/>O impacto da Casa Da Misericordia vai al\u00e9m da reabilita\u00e7\u00e3o individual. Ao ajudar ex-prisioneiros a se reintegrarem na sociedade, estamos promovendo comunidades mais seguras e coesas. Esta iniciativa n\u00e3o s\u00f3 transforma vidas, mas tamb\u00e9m reduz as taxas de reincid\u00eancia, criando um futuro mais esperan\u00e7oso para todos.<\/p><p><strong>Olhando para o Futuro<\/strong><br \/>\u00c0 medida que continuamos a apoiar a Casa Da Misericordia, permanecemos comprometidos em fazer uma diferen\u00e7a positiva na vida daqueles que mais precisam. Juntos, podemos construir uma sociedade mais inclusiva e solid\u00e1ria, um passo de cada vez.<\/p>\t\t\t\t\t\t<\/div>\n\t\t\t\t<\/div>\n\t\t\t\t<\/div>\n\t\t\t\t\t<\/div>\n\t\t\t\t<\/div>\n\t\t\t\t<\/div>\n\t\t","protected":false},"excerpt":{"rendered":"<p>UM FUTURO MELHOR PARA TODOS Na Handling, temos orgulho de apoiar a Casa Da Misericordia, uma institui\u00e7\u00e3o de reabilita\u00e7\u00e3o dirigida pelo Padre Pereta. Apoio \u00e0 Reabilita\u00e7\u00e3o: Nosso Apoio \u00e0 Casa Da Misericordia Esta iniciativa not\u00e1vel visa reintegrar ex-prisioneiros na sociedade, ensinando-lhes habilidades valiosas e oferecendo-lhes uma segunda chance na vida. Capacitando Atrav\u00e9s da Educa\u00e7\u00e3o A [&hellip;]<\/p>\n","protected":false},"author":1,"featured_media":0,"parent":80,"menu_order":0,"comment_status":"closed","ping_status":"closed","template":"","meta":{"footnotes":""},"class_list":["post-443","page","type-page","status-publish","hentry","wpbf-post"],"_links":{"self":[{"href":"https:\/\/handling.co.mz\/pt\/wp-json\/wp\/v2\/pages\/443","targetHints":{"allow":["GET"]}}],"collection":[{"href":"https:\/\/handling.co.mz\/pt\/wp-json\/wp\/v2\/pages"}],"about":[{"href":"https:\/\/handling.co.mz\/pt\/wp-json\/wp\/v2\/types\/page"}],"author":[{"embeddable":true,"href":"https:\/\/handling.co.mz\/pt\/wp-json\/wp\/v2\/users\/1"}],"replies":[{"embeddable":true,"href":"https:\/\/handling.co.mz\/pt\/wp-json\/wp\/v2\/comments?post=443"}],"version-history":[{"count":20,"href":"https:\/\/handling.co.mz\/pt\/wp-json\/wp\/v2\/pages\/443\/revisions"}],"predecessor-version":[{"id":769,"href":"https:\/\/handling.co.mz\/pt\/wp-json\/wp\/v2\/pages\/443\/revisions\/769"}],"up":[{"embeddable":true,"href":"https:\/\/handling.co.mz\/pt\/wp-json\/wp\/v2\/pages\/80"}],"wp:attachment":[{"href":"https:\/\/handling.co.mz\/pt\/wp-json\/wp\/v2\/media?parent=443"}],"curies":[{"name":"wp","href":"https:\/\/api.w.org\/{rel}","templated":true}]}}