{"id":445,"date":"2024-09-15T21:04:15","date_gmt":"2024-09-15T21:04:15","guid":{"rendered":"https:\/\/handling.co.mz\/pt\/?page_id=445"},"modified":"2024-09-18T18:40:20","modified_gmt":"2024-09-18T18:40:20","slug":"food-for-all","status":"publish","type":"page","link":"https:\/\/handling.co.mz\/pt\/social-responsibility\/food-for-all\/","title":{"rendered":"Food For All"},"content":{"rendered":"\t\t<div data-elementor-type=\"wp-page\" data-elementor-id=\"445\" class=\"elementor elementor-445\">\n\t\t\t\t<div class=\"elementor-element elementor-element-4e626bd e-flex e-con-boxed e-con e-parent\" data-id=\"4e626bd\" data-element_type=\"container\" data-settings=\"{&quot;background_background&quot;:&quot;classic&quot;}\">\n\t\t\t\t\t<div class=\"e-con-inner\">\n\t\t\t\t<div class=\"elementor-element elementor-element-8f49335 elementor-widget elementor-widget-heading\" data-id=\"8f49335\" data-element_type=\"widget\" data-widget_type=\"heading.default\">\n\t\t\t\t<div class=\"elementor-widget-container\">\n\t\t\t<h1 class=\"elementor-heading-title elementor-size-default\">UM FUTURO MELHOR PARA TODOS<\/h1>\t\t<\/div>\n\t\t\t\t<\/div>\n\t\t\t\t\t<\/div>\n\t\t\t\t<\/div>\n\t\t<div class=\"elementor-element elementor-element-5f1e4d8 e-flex e-con-boxed e-con e-parent\" data-id=\"5f1e4d8\" data-element_type=\"container\">\n\t\t\t\t\t<div class=\"e-con-inner\">\n\t\t<div class=\"elementor-element elementor-element-bef5f9e e-con-full e-flex e-con e-child\" data-id=\"bef5f9e\" data-element_type=\"container\">\n\t\t\t\t<div class=\"elementor-element elementor-element-45f2b74 elementor-widget elementor-widget-image\" data-id=\"45f2b74\" data-element_type=\"widget\" data-widget_type=\"image.default\">\n\t\t\t\t<div class=\"elementor-widget-container\">\n\t\t\t\t\t\t\t\t\t\t\t\t\t<img fetchpriority=\"high\" decoding=\"async\" width=\"290\" height=\"290\" src=\"https:\/\/handling.co.mz\/pt\/wp-content\/uploads\/sites\/2\/2024\/09\/food-for-all-logo.png\" class=\"attachment-large size-large wp-image-573\" alt=\"\" srcset=\"https:\/\/handling.co.mz\/pt\/wp-content\/uploads\/sites\/2\/2024\/09\/food-for-all-logo.png 290w, https:\/\/handling.co.mz\/pt\/wp-content\/uploads\/sites\/2\/2024\/09\/food-for-all-logo-150x150.png 150w\" sizes=\"(max-width: 290px) 100vw, 290px\" \/>\t\t\t\t\t\t\t\t\t\t\t\t\t<\/div>\n\t\t\t\t<\/div>\n\t\t\t\t<div class=\"elementor-element elementor-element-e77e3c3 elementor-widget elementor-widget-heading\" data-id=\"e77e3c3\" data-element_type=\"widget\" data-widget_type=\"heading.default\">\n\t\t\t\t<div class=\"elementor-widget-container\">\n\t\t\t<h2 class=\"elementor-heading-title elementor-size-default\">Na Handling, estamos comprometidos em combater a fome e apoiar comunidades necessitadas.<\/h2>\t\t<\/div>\n\t\t\t\t<\/div>\n\t\t\t\t<\/div>\n\t\t<div class=\"elementor-element elementor-element-f6d6e2a e-con-full e-flex e-con e-child\" data-id=\"f6d6e2a\" data-element_type=\"container\">\n\t\t\t\t<div class=\"elementor-element elementor-element-e1b9e3e elementor-widget elementor-widget-text-editor\" data-id=\"e1b9e3e\" data-element_type=\"widget\" data-widget_type=\"text-editor.default\">\n\t\t\t\t<div class=\"elementor-widget-container\">\n\t\t\t\t\t\t\t<p><strong>Food for All: Nosso Projeto Nacional de Doa\u00e7\u00e3o de Alimentos em Mo\u00e7ambique<\/strong><br \/>Nosso Projeto Nacional de Doa\u00e7\u00e3o de Alimentos fornece suprimentos essenciais para popula\u00e7\u00f5es vulner\u00e1veis em todo Mo\u00e7ambique, garantindo que ningu\u00e9m passe fome.<\/p><p><strong>Atendendo Necessidades Cr\u00edticas<\/strong><br \/>Mo\u00e7ambique enfrenta inseguran\u00e7a alimentar devido a mudan\u00e7as clim\u00e1ticas, desastres naturais e desafios econ\u00f4micos. Nosso projeto entrega alimentos nutritivos para os mais afetados, incluindo crian\u00e7as, idosos e fam\u00edlias deslocadas.<\/p><p><strong>Colabora\u00e7\u00e3o Comunit\u00e1ria<\/strong><br \/>Trabalhamos com organiza\u00e7\u00f5es locais e l\u00edderes comunit\u00e1rios para identificar as \u00e1reas com maior necessidade. Isso garante que nossas doa\u00e7\u00f5es sejam distribu\u00eddas de forma eficiente e cheguem \u00e0s pessoas que mais precisam.<\/p><p><strong>Impacto a Longo Prazo<\/strong><br \/>Nosso objetivo \u00e9 fornecer al\u00edvio imediato e apoiar a seguran\u00e7a alimentar a longo prazo. Ao oferecer suprimentos consistentes, ajudamos a melhorar a sa\u00fade e o bem-estar das comunidades, permitindo que se concentrem na educa\u00e7\u00e3o, trabalho e outros aspectos importantes da vida.<\/p><p><strong>Olhando para o Futuro<\/strong><br \/>\u00c0 medida que expandimos nossos esfor\u00e7os, permanecemos comprometidos em fazer uma diferen\u00e7a positiva na vida das pessoas em todo Mo\u00e7ambique. Nosso Projeto Nacional de Doa\u00e7\u00e3o de Alimentos Food for All \u00e9 uma das muitas maneiras pelas quais estamos trabalhando para criar uma sociedade mais equitativa e nutrida.<\/p><p>Juntos, podemos combater a fome e construir um futuro mais brilhante para todos.<\/p>\t\t\t\t\t\t<\/div>\n\t\t\t\t<\/div>\n\t\t\t\t<\/div>\n\t\t<div class=\"elementor-element elementor-element-3a4dca5 e-grid e-con-full e-con e-child\" data-id=\"3a4dca5\" data-element_type=\"container\">\n\t\t\t\t<div class=\"elementor-element elementor-element-01ad9bb elementor-widget elementor-widget-image\" data-id=\"01ad9bb\" data-element_type=\"widget\" data-widget_type=\"image.default\">\n\t\t\t\t<div class=\"elementor-widget-container\">\n\t\t\t\t\t\t\t\t\t\t\t\t\t<img decoding=\"async\" width=\"689\" height=\"516\" src=\"https:\/\/handling.co.mz\/pt\/wp-content\/uploads\/sites\/2\/2024\/09\/Layer-2.png\" class=\"attachment-large size-large wp-image-572\" alt=\"\" srcset=\"https:\/\/handling.co.mz\/pt\/wp-content\/uploads\/sites\/2\/2024\/09\/Layer-2.png 689w, https:\/\/handling.co.mz\/pt\/wp-content\/uploads\/sites\/2\/2024\/09\/Layer-2-300x225.png 300w\" sizes=\"(max-width: 689px) 100vw, 689px\" \/>\t\t\t\t\t\t\t\t\t\t\t\t\t<\/div>\n\t\t\t\t<\/div>\n\t\t\t\t<div class=\"elementor-element elementor-element-eb32e7a elementor-widget elementor-widget-image\" data-id=\"eb32e7a\" data-element_type=\"widget\" data-widget_type=\"image.default\">\n\t\t\t\t<div class=\"elementor-widget-container\">\n\t\t\t\t\t\t\t\t\t\t\t\t\t<img decoding=\"async\" width=\"500\" height=\"540\" src=\"https:\/\/handling.co.mz\/pt\/wp-content\/uploads\/sites\/2\/2024\/09\/Layer-3.png\" class=\"attachment-large size-large wp-image-571\" alt=\"\" srcset=\"https:\/\/handling.co.mz\/pt\/wp-content\/uploads\/sites\/2\/2024\/09\/Layer-3.png 500w, https:\/\/handling.co.mz\/pt\/wp-content\/uploads\/sites\/2\/2024\/09\/Layer-3-278x300.png 278w\" sizes=\"(max-width: 500px) 100vw, 500px\" \/>\t\t\t\t\t\t\t\t\t\t\t\t\t<\/div>\n\t\t\t\t<\/div>\n\t\t\t\t<div class=\"elementor-element elementor-element-09cbb9c elementor-widget elementor-widget-image\" data-id=\"09cbb9c\" data-element_type=\"widget\" data-widget_type=\"image.default\">\n\t\t\t\t<div class=\"elementor-widget-container\">\n\t\t\t\t\t\t\t\t\t\t\t\t\t<img loading=\"lazy\" decoding=\"async\" width=\"496\" height=\"662\" src=\"https:\/\/handling.co.mz\/pt\/wp-content\/uploads\/sites\/2\/2024\/09\/Layer-4-1.png\" class=\"attachment-large size-large wp-image-570\" alt=\"\" srcset=\"https:\/\/handling.co.mz\/pt\/wp-content\/uploads\/sites\/2\/2024\/09\/Layer-4-1.png 496w, https:\/\/handling.co.mz\/pt\/wp-content\/uploads\/sites\/2\/2024\/09\/Layer-4-1-225x300.png 225w\" sizes=\"(max-width: 496px) 100vw, 496px\" \/>\t\t\t\t\t\t\t\t\t\t\t\t\t<\/div>\n\t\t\t\t<\/div>\n\t\t\t\t<div class=\"elementor-element elementor-element-43b9454 elementor-widget elementor-widget-image\" data-id=\"43b9454\" data-element_type=\"widget\" data-widget_type=\"image.default\">\n\t\t\t\t<div class=\"elementor-widget-container\">\n\t\t\t\t\t\t\t\t\t\t\t\t\t<img loading=\"lazy\" decoding=\"async\" width=\"815\" height=\"495\" src=\"https:\/\/handling.co.mz\/pt\/wp-content\/uploads\/sites\/2\/2024\/09\/Layer-5-1.png\" class=\"attachment-large size-large wp-image-569\" alt=\"\" srcset=\"https:\/\/handling.co.mz\/pt\/wp-content\/uploads\/sites\/2\/2024\/09\/Layer-5-1.png 815w, https:\/\/handling.co.mz\/pt\/wp-content\/uploads\/sites\/2\/2024\/09\/Layer-5-1-300x182.png 300w, https:\/\/handling.co.mz\/pt\/wp-content\/uploads\/sites\/2\/2024\/09\/Layer-5-1-768x466.png 768w\" sizes=\"(max-width: 815px) 100vw, 815px\" \/>\t\t\t\t\t\t\t\t\t\t\t\t\t<\/div>\n\t\t\t\t<\/div>\n\t\t\t\t<div class=\"elementor-element elementor-element-0326009 elementor-widget elementor-widget-image\" data-id=\"0326009\" data-element_type=\"widget\" data-widget_type=\"image.default\">\n\t\t\t\t<div class=\"elementor-widget-container\">\n\t\t\t\t\t\t\t\t\t\t\t\t\t<img loading=\"lazy\" decoding=\"async\" width=\"499\" height=\"631\" src=\"https:\/\/handling.co.mz\/pt\/wp-content\/uploads\/sites\/2\/2024\/09\/Layer-6-1.png\" class=\"attachment-large size-large wp-image-565\" alt=\"\" srcset=\"https:\/\/handling.co.mz\/pt\/wp-content\/uploads\/sites\/2\/2024\/09\/Layer-6-1.png 499w, https:\/\/handling.co.mz\/pt\/wp-content\/uploads\/sites\/2\/2024\/09\/Layer-6-1-237x300.png 237w\" sizes=\"(max-width: 499px) 100vw, 499px\" \/>\t\t\t\t\t\t\t\t\t\t\t\t\t<\/div>\n\t\t\t\t<\/div>\n\t\t\t\t<div class=\"elementor-element elementor-element-de6c713 elementor-widget elementor-widget-image\" data-id=\"de6c713\" data-element_type=\"widget\" data-widget_type=\"image.default\">\n\t\t\t\t<div class=\"elementor-widget-container\">\n\t\t\t\t\t\t\t\t\t\t\t\t\t<img loading=\"lazy\" decoding=\"async\" width=\"495\" height=\"694\" src=\"https:\/\/handling.co.mz\/pt\/wp-content\/uploads\/sites\/2\/2024\/09\/Layer-7-1.png\" class=\"attachment-large size-large wp-image-564\" alt=\"\" srcset=\"https:\/\/handling.co.mz\/pt\/wp-content\/uploads\/sites\/2\/2024\/09\/Layer-7-1.png 495w, https:\/\/handling.co.mz\/pt\/wp-content\/uploads\/sites\/2\/2024\/09\/Layer-7-1-214x300.png 214w\" sizes=\"(max-width: 495px) 100vw, 495px\" \/>\t\t\t\t\t\t\t\t\t\t\t\t\t<\/div>\n\t\t\t\t<\/div>\n\t\t\t\t<div class=\"elementor-element elementor-element-25c193f elementor-widget elementor-widget-image\" data-id=\"25c193f\" data-element_type=\"widget\" data-widget_type=\"image.default\">\n\t\t\t\t<div class=\"elementor-widget-container\">\n\t\t\t\t\t\t\t\t\t\t\t\t\t<img loading=\"lazy\" decoding=\"async\" width=\"537\" height=\"650\" src=\"https:\/\/handling.co.mz\/pt\/wp-content\/uploads\/sites\/2\/2024\/09\/Layer-10-1.png\" class=\"attachment-large size-large wp-image-563\" alt=\"\" srcset=\"https:\/\/handling.co.mz\/pt\/wp-content\/uploads\/sites\/2\/2024\/09\/Layer-10-1.png 537w, https:\/\/handling.co.mz\/pt\/wp-content\/uploads\/sites\/2\/2024\/09\/Layer-10-1-248x300.png 248w\" sizes=\"(max-width: 537px) 100vw, 537px\" \/>\t\t\t\t\t\t\t\t\t\t\t\t\t<\/div>\n\t\t\t\t<\/div>\n\t\t\t\t<div class=\"elementor-element elementor-element-13fc31d elementor-widget elementor-widget-image\" data-id=\"13fc31d\" data-element_type=\"widget\" data-widget_type=\"image.default\">\n\t\t\t\t<div class=\"elementor-widget-container\">\n\t\t\t\t\t\t\t\t\t\t\t\t\t<img loading=\"lazy\" decoding=\"async\" width=\"730\" height=\"548\" src=\"https:\/\/handling.co.mz\/pt\/wp-content\/uploads\/sites\/2\/2024\/09\/Layer-9-1.png\" class=\"attachment-large size-large wp-image-562\" alt=\"\" srcset=\"https:\/\/handling.co.mz\/pt\/wp-content\/uploads\/sites\/2\/2024\/09\/Layer-9-1.png 730w, https:\/\/handling.co.mz\/pt\/wp-content\/uploads\/sites\/2\/2024\/09\/Layer-9-1-300x225.png 300w\" sizes=\"(max-width: 730px) 100vw, 730px\" \/>\t\t\t\t\t\t\t\t\t\t\t\t\t<\/div>\n\t\t\t\t<\/div>\n\t\t\t\t<div class=\"elementor-element elementor-element-c39613e elementor-widget elementor-widget-image\" data-id=\"c39613e\" data-element_type=\"widget\" data-widget_type=\"image.default\">\n\t\t\t\t<div class=\"elementor-widget-container\">\n\t\t\t\t\t\t\t\t\t\t\t\t\t<img loading=\"lazy\" decoding=\"async\" width=\"495\" height=\"658\" src=\"https:\/\/handling.co.mz\/pt\/wp-content\/uploads\/sites\/2\/2024\/09\/Layer-8-1.png\" class=\"attachment-large size-large wp-image-561\" alt=\"\" srcset=\"https:\/\/handling.co.mz\/pt\/wp-content\/uploads\/sites\/2\/2024\/09\/Layer-8-1.png 495w, https:\/\/handling.co.mz\/pt\/wp-content\/uploads\/sites\/2\/2024\/09\/Layer-8-1-226x300.png 226w\" sizes=\"(max-width: 495px) 100vw, 495px\" \/>\t\t\t\t\t\t\t\t\t\t\t\t\t<\/div>\n\t\t\t\t<\/div>\n\t\t\t\t<div class=\"elementor-element elementor-element-3ec183d elementor-widget elementor-widget-image\" data-id=\"3ec183d\" data-element_type=\"widget\" data-widget_type=\"image.default\">\n\t\t\t\t<div class=\"elementor-widget-container\">\n\t\t\t\t\t\t\t\t\t\t\t\t\t<img loading=\"lazy\" decoding=\"async\" width=\"562\" height=\"676\" src=\"https:\/\/handling.co.mz\/pt\/wp-content\/uploads\/sites\/2\/2024\/09\/Layer-11-1.png\" class=\"attachment-large size-large wp-image-560\" alt=\"\" srcset=\"https:\/\/handling.co.mz\/pt\/wp-content\/uploads\/sites\/2\/2024\/09\/Layer-11-1.png 562w, https:\/\/handling.co.mz\/pt\/wp-content\/uploads\/sites\/2\/2024\/09\/Layer-11-1-249x300.png 249w\" sizes=\"(max-width: 562px) 100vw, 562px\" \/>\t\t\t\t\t\t\t\t\t\t\t\t\t<\/div>\n\t\t\t\t<\/div>\n\t\t\t\t<div class=\"elementor-element elementor-element-588d594 elementor-widget elementor-widget-image\" data-id=\"588d594\" data-element_type=\"widget\" data-widget_type=\"image.default\">\n\t\t\t\t<div class=\"elementor-widget-container\">\n\t\t\t\t\t\t\t\t\t\t\t\t\t<img loading=\"lazy\" decoding=\"async\" width=\"706\" height=\"529\" src=\"https:\/\/handling.co.mz\/pt\/wp-content\/uploads\/sites\/2\/2024\/09\/Layer-12-1.png\" class=\"attachment-large size-large wp-image-559\" alt=\"\" srcset=\"https:\/\/handling.co.mz\/pt\/wp-content\/uploads\/sites\/2\/2024\/09\/Layer-12-1.png 706w, https:\/\/handling.co.mz\/pt\/wp-content\/uploads\/sites\/2\/2024\/09\/Layer-12-1-300x225.png 300w\" sizes=\"(max-width: 706px) 100vw, 706px\" \/>\t\t\t\t\t\t\t\t\t\t\t\t\t<\/div>\n\t\t\t\t<\/div>\n\t\t\t\t<div class=\"elementor-element elementor-element-ea4ad51 elementor-widget elementor-widget-image\" data-id=\"ea4ad51\" data-element_type=\"widget\" data-widget_type=\"image.default\">\n\t\t\t\t<div class=\"elementor-widget-container\">\n\t\t\t\t\t\t\t\t\t\t\t\t\t<img loading=\"lazy\" decoding=\"async\" width=\"663\" height=\"497\" src=\"https:\/\/handling.co.mz\/pt\/wp-content\/uploads\/sites\/2\/2024\/09\/Layer-13-1.png\" class=\"attachment-large size-large wp-image-558\" alt=\"\" srcset=\"https:\/\/handling.co.mz\/pt\/wp-content\/uploads\/sites\/2\/2024\/09\/Layer-13-1.png 663w, https:\/\/handling.co.mz\/pt\/wp-content\/uploads\/sites\/2\/2024\/09\/Layer-13-1-300x225.png 300w\" sizes=\"(max-width: 663px) 100vw, 663px\" \/>\t\t\t\t\t\t\t\t\t\t\t\t\t<\/div>\n\t\t\t\t<\/div>\n\t\t\t\t<\/div>\n\t\t\t\t\t<\/div>\n\t\t\t\t<\/div>\n\t\t\t\t<\/div>\n\t\t","protected":false},"excerpt":{"rendered":"<p>UM FUTURO MELHOR PARA TODOS Na Handling, estamos comprometidos em combater a fome e apoiar comunidades necessitadas. Food for All: Nosso Projeto Nacional de Doa\u00e7\u00e3o de Alimentos em Mo\u00e7ambique Nosso Projeto Nacional de Doa\u00e7\u00e3o de Alimentos fornece suprimentos essenciais para popula\u00e7\u00f5es vulner\u00e1veis em todo Mo\u00e7ambique, garantindo que ningu\u00e9m passe fome. Atendendo Necessidades Cr\u00edticas Mo\u00e7ambique enfrenta [&hellip;]<\/p>\n","protected":false},"author":1,"featured_media":0,"parent":80,"menu_order":0,"comment_status":"closed","ping_status":"closed","template":"","meta":{"footnotes":""},"class_list":["post-445","page","type-page","status-publish","hentry","wpbf-post"],"_links":{"self":[{"href":"https:\/\/handling.co.mz\/pt\/wp-json\/wp\/v2\/pages\/445","targetHints":{"allow":["GET"]}}],"collection":[{"href":"https:\/\/handling.co.mz\/pt\/wp-json\/wp\/v2\/pages"}],"about":[{"href":"https:\/\/handling.co.mz\/pt\/wp-json\/wp\/v2\/types\/page"}],"author":[{"embeddable":true,"href":"https:\/\/handling.co.mz\/pt\/wp-json\/wp\/v2\/users\/1"}],"replies":[{"embeddable":true,"href":"https:\/\/handling.co.mz\/pt\/wp-json\/wp\/v2\/comments?post=445"}],"version-history":[{"count":26,"href":"https:\/\/handling.co.mz\/pt\/wp-json\/wp\/v2\/pages\/445\/revisions"}],"predecessor-version":[{"id":774,"href":"https:\/\/handling.co.mz\/pt\/wp-json\/wp\/v2\/pages\/445\/revisions\/774"}],"up":[{"embeddable":true,"href":"https:\/\/handling.co.mz\/pt\/wp-json\/wp\/v2\/pages\/80"}],"wp:attachment":[{"href":"https:\/\/handling.co.mz\/pt\/wp-json\/wp\/v2\/media?parent=445"}],"curies":[{"name":"wp","href":"https:\/\/api.w.org\/{rel}","templated":true}]}}