{"id":447,"date":"2024-09-15T21:05:07","date_gmt":"2024-09-15T21:05:07","guid":{"rendered":"https:\/\/handling.co.mz\/pt\/?page_id=447"},"modified":"2024-09-18T18:39:53","modified_gmt":"2024-09-18T18:39:53","slug":"pages-of-promise","status":"publish","type":"page","link":"https:\/\/handling.co.mz\/pt\/social-responsibility\/pages-of-promise\/","title":{"rendered":"Pages of promise"},"content":{"rendered":"\t\t<div data-elementor-type=\"wp-page\" data-elementor-id=\"447\" class=\"elementor elementor-447\">\n\t\t\t\t<div class=\"elementor-element elementor-element-7c41522 e-flex e-con-boxed e-con e-parent\" data-id=\"7c41522\" data-element_type=\"container\" data-settings=\"{&quot;background_background&quot;:&quot;classic&quot;}\">\n\t\t\t\t\t<div class=\"e-con-inner\">\n\t\t\t\t<div class=\"elementor-element elementor-element-7b3f0d8 elementor-widget elementor-widget-heading\" data-id=\"7b3f0d8\" data-element_type=\"widget\" data-widget_type=\"heading.default\">\n\t\t\t\t<div class=\"elementor-widget-container\">\n\t\t\t<h1 class=\"elementor-heading-title elementor-size-default\">UM FUTURO MELHOR PARA TODOS<\/h1>\t\t<\/div>\n\t\t\t\t<\/div>\n\t\t\t\t\t<\/div>\n\t\t\t\t<\/div>\n\t\t<div class=\"elementor-element elementor-element-f9e4feb e-flex e-con-boxed e-con e-parent\" data-id=\"f9e4feb\" data-element_type=\"container\">\n\t\t\t\t\t<div class=\"e-con-inner\">\n\t\t<div class=\"elementor-element elementor-element-a1819f0 e-con-full e-flex e-con e-child\" data-id=\"a1819f0\" data-element_type=\"container\">\n\t\t\t\t<div class=\"elementor-element elementor-element-7c7b864 elementor-widget elementor-widget-image\" data-id=\"7c7b864\" data-element_type=\"widget\" data-widget_type=\"image.default\">\n\t\t\t\t<div class=\"elementor-widget-container\">\n\t\t\t\t\t\t\t\t\t\t\t\t\t<img fetchpriority=\"high\" decoding=\"async\" width=\"288\" height=\"288\" src=\"https:\/\/handling.co.mz\/pt\/wp-content\/uploads\/sites\/2\/2024\/09\/pages-of-promise-logo.png\" class=\"attachment-large size-large wp-image-574\" alt=\"\" srcset=\"https:\/\/handling.co.mz\/pt\/wp-content\/uploads\/sites\/2\/2024\/09\/pages-of-promise-logo.png 288w, https:\/\/handling.co.mz\/pt\/wp-content\/uploads\/sites\/2\/2024\/09\/pages-of-promise-logo-150x150.png 150w\" sizes=\"(max-width: 288px) 100vw, 288px\" \/>\t\t\t\t\t\t\t\t\t\t\t\t\t<\/div>\n\t\t\t\t<\/div>\n\t\t\t\t<div class=\"elementor-element elementor-element-a65ca8f elementor-widget elementor-widget-heading\" data-id=\"a65ca8f\" data-element_type=\"widget\" data-widget_type=\"heading.default\">\n\t\t\t\t<div class=\"elementor-widget-container\">\n\t\t\t<h2 class=\"elementor-heading-title elementor-size-default\">Na Handling, estamos comprometidos em apoiar a educa\u00e7\u00e3o e capacitar a pr\u00f3xima gera\u00e7\u00e3o.<\/h2>\t\t<\/div>\n\t\t\t\t<\/div>\n\t\t\t\t<\/div>\n\t\t<div class=\"elementor-element elementor-element-64d6e37 e-con-full e-flex e-con e-child\" data-id=\"64d6e37\" data-element_type=\"container\">\n\t\t\t\t<div class=\"elementor-element elementor-element-9bb93cb elementor-widget elementor-widget-text-editor\" data-id=\"9bb93cb\" data-element_type=\"widget\" data-widget_type=\"text-editor.default\">\n\t\t\t\t<div class=\"elementor-widget-container\">\n\t\t\t\t\t\t\t<p><strong>Pages of Promise: Nosso Projeto de Doa\u00e7\u00e3o de Livros e Material Escolar em Mo\u00e7ambique<\/strong><br \/>Nosso Projeto de Doa\u00e7\u00e3o de Livros e Material Escolar visa fornecer materiais essenciais de aprendizagem para escolas necessitadas em todo Mo\u00e7ambique, garantindo que cada crian\u00e7a tenha as ferramentas necess\u00e1rias para ter sucesso.<\/p><p><strong>Atendendo Necessidades Cr\u00edticas<\/strong><br \/>Muitas escolas em Mo\u00e7ambique carecem de recursos educacionais b\u00e1sicos, prejudicando a capacidade dos alunos de aprenderem de forma eficaz. Nosso projeto fornece livros escolares, cadernos, canetas, l\u00e1pis e outros materiais essenciais para essas escolas, ajudando a preencher essa lacuna e melhorar a experi\u00eancia de aprendizagem.<\/p><p><strong>Colabora\u00e7\u00e3o Comunit\u00e1ria<\/strong><br \/>Trabalhamos com comunidades locais e autoridades educacionais para identificar as escolas mais necessitadas. Ao envolver essas comunidades, garantimos que nossas doa\u00e7\u00f5es sejam impactantes e cheguem aos alunos que mais se beneficiar\u00e3o.<\/p><p><strong>Impacto a Longo Prazo<\/strong><br \/>Fornecer livros e material escolar ajuda a melhorar as taxas de alfabetiza\u00e7\u00e3o, aumentar o desempenho acad\u00eamico e inspirar o amor pelo aprendizado. Nosso objetivo \u00e9 criar um impacto duradouro na jornada educacional das crian\u00e7as em Mo\u00e7ambique, capacitando-as com o conhecimento e as habilidades necess\u00e1rias para um futuro mais brilhante.<\/p><p><strong>Olhando para o Futuro<\/strong><br \/>\u00c0 medida que expandimos nossos esfor\u00e7os, permanecemos comprometidos em fazer uma diferen\u00e7a positiva na vida dos estudantes em todo Mo\u00e7ambique. Nosso Projeto de Doa\u00e7\u00e3o de Livros e Material Escolar \u00e9 uma das muitas maneiras pelas quais estamos trabalhando para apoiar a educa\u00e7\u00e3o e fomentar uma cultura de aprendizado.<\/p><p>Juntos, podemos capacitar a educa\u00e7\u00e3o e construir um futuro mais brilhante para as crian\u00e7as de Mo\u00e7ambique.<\/p>\t\t\t\t\t\t<\/div>\n\t\t\t\t<\/div>\n\t\t\t\t<\/div>\n\t\t<div class=\"elementor-element elementor-element-825326f e-grid e-con-full e-con e-child\" data-id=\"825326f\" data-element_type=\"container\">\n\t\t\t\t<div class=\"elementor-element elementor-element-e88c05e elementor-widget elementor-widget-image\" data-id=\"e88c05e\" data-element_type=\"widget\" data-widget_type=\"image.default\">\n\t\t\t\t<div class=\"elementor-widget-container\">\n\t\t\t\t\t\t\t\t\t\t\t\t\t<img decoding=\"async\" width=\"1024\" height=\"485\" src=\"https:\/\/handling.co.mz\/pt\/wp-content\/uploads\/sites\/2\/2024\/09\/0a11cb7e-d20a-438e-aafc-8dcb327aef42-1024x485.jpg\" class=\"attachment-large size-large wp-image-763\" alt=\"\" srcset=\"https:\/\/handling.co.mz\/pt\/wp-content\/uploads\/sites\/2\/2024\/09\/0a11cb7e-d20a-438e-aafc-8dcb327aef42-1024x485.jpg 1024w, https:\/\/handling.co.mz\/pt\/wp-content\/uploads\/sites\/2\/2024\/09\/0a11cb7e-d20a-438e-aafc-8dcb327aef42-300x142.jpg 300w, https:\/\/handling.co.mz\/pt\/wp-content\/uploads\/sites\/2\/2024\/09\/0a11cb7e-d20a-438e-aafc-8dcb327aef42-768x364.jpg 768w, https:\/\/handling.co.mz\/pt\/wp-content\/uploads\/sites\/2\/2024\/09\/0a11cb7e-d20a-438e-aafc-8dcb327aef42.jpg 1032w\" sizes=\"(max-width: 1024px) 100vw, 1024px\" \/>\t\t\t\t\t\t\t\t\t\t\t\t\t<\/div>\n\t\t\t\t<\/div>\n\t\t\t\t<div class=\"elementor-element elementor-element-5c1b906 elementor-widget elementor-widget-image\" data-id=\"5c1b906\" data-element_type=\"widget\" data-widget_type=\"image.default\">\n\t\t\t\t<div class=\"elementor-widget-container\">\n\t\t\t\t\t\t\t\t\t\t\t\t\t<img decoding=\"async\" width=\"774\" height=\"877\" src=\"https:\/\/handling.co.mz\/pt\/wp-content\/uploads\/sites\/2\/2024\/09\/5e291a75-eca5-463e-a352-0756a00666b3.jpg\" class=\"attachment-large size-large wp-image-762\" alt=\"\" srcset=\"https:\/\/handling.co.mz\/pt\/wp-content\/uploads\/sites\/2\/2024\/09\/5e291a75-eca5-463e-a352-0756a00666b3.jpg 774w, https:\/\/handling.co.mz\/pt\/wp-content\/uploads\/sites\/2\/2024\/09\/5e291a75-eca5-463e-a352-0756a00666b3-265x300.jpg 265w, https:\/\/handling.co.mz\/pt\/wp-content\/uploads\/sites\/2\/2024\/09\/5e291a75-eca5-463e-a352-0756a00666b3-768x870.jpg 768w\" sizes=\"(max-width: 774px) 100vw, 774px\" \/>\t\t\t\t\t\t\t\t\t\t\t\t\t<\/div>\n\t\t\t\t<\/div>\n\t\t\t\t<div class=\"elementor-element elementor-element-80f5dc6 elementor-widget elementor-widget-image\" data-id=\"80f5dc6\" data-element_type=\"widget\" data-widget_type=\"image.default\">\n\t\t\t\t<div class=\"elementor-widget-container\">\n\t\t\t\t\t\t\t\t\t\t\t\t\t<img loading=\"lazy\" decoding=\"async\" width=\"1024\" height=\"768\" src=\"https:\/\/handling.co.mz\/pt\/wp-content\/uploads\/sites\/2\/2024\/09\/858defde-4a4c-4952-8a2e-24292e48d24d.jpg\" class=\"attachment-large size-large wp-image-761\" alt=\"\" srcset=\"https:\/\/handling.co.mz\/pt\/wp-content\/uploads\/sites\/2\/2024\/09\/858defde-4a4c-4952-8a2e-24292e48d24d.jpg 1024w, https:\/\/handling.co.mz\/pt\/wp-content\/uploads\/sites\/2\/2024\/09\/858defde-4a4c-4952-8a2e-24292e48d24d-300x225.jpg 300w, https:\/\/handling.co.mz\/pt\/wp-content\/uploads\/sites\/2\/2024\/09\/858defde-4a4c-4952-8a2e-24292e48d24d-768x576.jpg 768w\" sizes=\"(max-width: 1024px) 100vw, 1024px\" \/>\t\t\t\t\t\t\t\t\t\t\t\t\t<\/div>\n\t\t\t\t<\/div>\n\t\t\t\t<div class=\"elementor-element elementor-element-b28658d elementor-widget elementor-widget-image\" data-id=\"b28658d\" data-element_type=\"widget\" data-widget_type=\"image.default\">\n\t\t\t\t<div class=\"elementor-widget-container\">\n\t\t\t\t\t\t\t\t\t\t\t\t\t<img loading=\"lazy\" decoding=\"async\" width=\"1024\" height=\"768\" src=\"https:\/\/handling.co.mz\/pt\/wp-content\/uploads\/sites\/2\/2024\/09\/c2bfd56b-6eb6-4c60-8876-b1fd53e363f7.jpg\" class=\"attachment-large size-large wp-image-760\" alt=\"\" srcset=\"https:\/\/handling.co.mz\/pt\/wp-content\/uploads\/sites\/2\/2024\/09\/c2bfd56b-6eb6-4c60-8876-b1fd53e363f7.jpg 1024w, https:\/\/handling.co.mz\/pt\/wp-content\/uploads\/sites\/2\/2024\/09\/c2bfd56b-6eb6-4c60-8876-b1fd53e363f7-300x225.jpg 300w, https:\/\/handling.co.mz\/pt\/wp-content\/uploads\/sites\/2\/2024\/09\/c2bfd56b-6eb6-4c60-8876-b1fd53e363f7-768x576.jpg 768w\" sizes=\"(max-width: 1024px) 100vw, 1024px\" \/>\t\t\t\t\t\t\t\t\t\t\t\t\t<\/div>\n\t\t\t\t<\/div>\n\t\t\t\t<div class=\"elementor-element elementor-element-da9917d elementor-widget elementor-widget-image\" data-id=\"da9917d\" data-element_type=\"widget\" data-widget_type=\"image.default\">\n\t\t\t\t<div class=\"elementor-widget-container\">\n\t\t\t\t\t\t\t\t\t\t\t\t\t<img loading=\"lazy\" decoding=\"async\" width=\"1024\" height=\"768\" src=\"https:\/\/handling.co.mz\/pt\/wp-content\/uploads\/sites\/2\/2024\/09\/db632c66-3d22-443c-b371-3ed8df0e7d1f.jpg\" class=\"attachment-large size-large wp-image-759\" alt=\"\" srcset=\"https:\/\/handling.co.mz\/pt\/wp-content\/uploads\/sites\/2\/2024\/09\/db632c66-3d22-443c-b371-3ed8df0e7d1f.jpg 1024w, https:\/\/handling.co.mz\/pt\/wp-content\/uploads\/sites\/2\/2024\/09\/db632c66-3d22-443c-b371-3ed8df0e7d1f-300x225.jpg 300w, https:\/\/handling.co.mz\/pt\/wp-content\/uploads\/sites\/2\/2024\/09\/db632c66-3d22-443c-b371-3ed8df0e7d1f-768x576.jpg 768w\" sizes=\"(max-width: 1024px) 100vw, 1024px\" \/>\t\t\t\t\t\t\t\t\t\t\t\t\t<\/div>\n\t\t\t\t<\/div>\n\t\t\t\t<div class=\"elementor-element elementor-element-73c5643 elementor-widget elementor-widget-image\" data-id=\"73c5643\" data-element_type=\"widget\" data-widget_type=\"image.default\">\n\t\t\t\t<div class=\"elementor-widget-container\">\n\t\t\t\t\t\t\t\t\t\t\t\t\t<img loading=\"lazy\" decoding=\"async\" width=\"1024\" height=\"461\" src=\"https:\/\/handling.co.mz\/pt\/wp-content\/uploads\/sites\/2\/2024\/09\/e142b5aa-7bd8-4fd0-84fa-0420f5f2c41e-1024x461.jpg\" class=\"attachment-large size-large wp-image-758\" alt=\"\" srcset=\"https:\/\/handling.co.mz\/pt\/wp-content\/uploads\/sites\/2\/2024\/09\/e142b5aa-7bd8-4fd0-84fa-0420f5f2c41e-1024x461.jpg 1024w, https:\/\/handling.co.mz\/pt\/wp-content\/uploads\/sites\/2\/2024\/09\/e142b5aa-7bd8-4fd0-84fa-0420f5f2c41e-300x135.jpg 300w, https:\/\/handling.co.mz\/pt\/wp-content\/uploads\/sites\/2\/2024\/09\/e142b5aa-7bd8-4fd0-84fa-0420f5f2c41e-768x346.jpg 768w, https:\/\/handling.co.mz\/pt\/wp-content\/uploads\/sites\/2\/2024\/09\/e142b5aa-7bd8-4fd0-84fa-0420f5f2c41e.jpg 1040w\" sizes=\"(max-width: 1024px) 100vw, 1024px\" \/>\t\t\t\t\t\t\t\t\t\t\t\t\t<\/div>\n\t\t\t\t<\/div>\n\t\t\t\t<\/div>\n\t\t\t\t\t<\/div>\n\t\t\t\t<\/div>\n\t\t\t\t<\/div>\n\t\t","protected":false},"excerpt":{"rendered":"<p>UM FUTURO MELHOR PARA TODOS Na Handling, estamos comprometidos em apoiar a educa\u00e7\u00e3o e capacitar a pr\u00f3xima gera\u00e7\u00e3o. Pages of Promise: Nosso Projeto de Doa\u00e7\u00e3o de Livros e Material Escolar em Mo\u00e7ambique Nosso Projeto de Doa\u00e7\u00e3o de Livros e Material Escolar visa fornecer materiais essenciais de aprendizagem para escolas necessitadas em todo Mo\u00e7ambique, garantindo que [&hellip;]<\/p>\n","protected":false},"author":1,"featured_media":0,"parent":80,"menu_order":0,"comment_status":"closed","ping_status":"closed","template":"","meta":{"footnotes":""},"class_list":["post-447","page","type-page","status-publish","hentry","wpbf-post"],"_links":{"self":[{"href":"https:\/\/handling.co.mz\/pt\/wp-json\/wp\/v2\/pages\/447","targetHints":{"allow":["GET"]}}],"collection":[{"href":"https:\/\/handling.co.mz\/pt\/wp-json\/wp\/v2\/pages"}],"about":[{"href":"https:\/\/handling.co.mz\/pt\/wp-json\/wp\/v2\/types\/page"}],"author":[{"embeddable":true,"href":"https:\/\/handling.co.mz\/pt\/wp-json\/wp\/v2\/users\/1"}],"replies":[{"embeddable":true,"href":"https:\/\/handling.co.mz\/pt\/wp-json\/wp\/v2\/comments?post=447"}],"version-history":[{"count":29,"href":"https:\/\/handling.co.mz\/pt\/wp-json\/wp\/v2\/pages\/447\/revisions"}],"predecessor-version":[{"id":770,"href":"https:\/\/handling.co.mz\/pt\/wp-json\/wp\/v2\/pages\/447\/revisions\/770"}],"up":[{"embeddable":true,"href":"https:\/\/handling.co.mz\/pt\/wp-json\/wp\/v2\/pages\/80"}],"wp:attachment":[{"href":"https:\/\/handling.co.mz\/pt\/wp-json\/wp\/v2\/media?parent=447"}],"curies":[{"name":"wp","href":"https:\/\/api.w.org\/{rel}","templated":true}]}}