{"id":449,"date":"2024-09-15T21:05:58","date_gmt":"2024-09-15T21:05:58","guid":{"rendered":"https:\/\/handling.co.mz\/pt\/?page_id=449"},"modified":"2024-09-18T18:40:02","modified_gmt":"2024-09-18T18:40:02","slug":"staff-house","status":"publish","type":"page","link":"https:\/\/handling.co.mz\/pt\/social-responsibility\/staff-house\/","title":{"rendered":"Staff house"},"content":{"rendered":"\t\t<div data-elementor-type=\"wp-page\" data-elementor-id=\"449\" class=\"elementor elementor-449\">\n\t\t\t\t<div class=\"elementor-element elementor-element-2734f89 e-flex e-con-boxed e-con e-parent\" data-id=\"2734f89\" data-element_type=\"container\" data-settings=\"{&quot;background_background&quot;:&quot;classic&quot;}\">\n\t\t\t\t\t<div class=\"e-con-inner\">\n\t\t\t\t<div class=\"elementor-element elementor-element-fc5ce7f elementor-widget elementor-widget-heading\" data-id=\"fc5ce7f\" data-element_type=\"widget\" data-widget_type=\"heading.default\">\n\t\t\t\t<div class=\"elementor-widget-container\">\n\t\t\t<h1 class=\"elementor-heading-title elementor-size-default\">UM FUTURO MELHOR PARA TODOS<\/h1>\t\t<\/div>\n\t\t\t\t<\/div>\n\t\t\t\t\t<\/div>\n\t\t\t\t<\/div>\n\t\t<div class=\"elementor-element elementor-element-795d712 e-flex e-con-boxed e-con e-parent\" data-id=\"795d712\" data-element_type=\"container\">\n\t\t\t\t\t<div class=\"e-con-inner\">\n\t\t<div class=\"elementor-element elementor-element-3f2266a e-con-full e-flex e-con e-child\" data-id=\"3f2266a\" data-element_type=\"container\">\n\t\t\t\t<div class=\"elementor-element elementor-element-44e1960 elementor-widget elementor-widget-image\" data-id=\"44e1960\" data-element_type=\"widget\" data-widget_type=\"image.default\">\n\t\t\t\t<div class=\"elementor-widget-container\">\n\t\t\t\t\t\t\t\t\t\t\t\t\t<img fetchpriority=\"high\" decoding=\"async\" width=\"289\" height=\"289\" src=\"https:\/\/handling.co.mz\/pt\/wp-content\/uploads\/sites\/2\/2024\/09\/staff-house-logo.png\" class=\"attachment-large size-large wp-image-581\" alt=\"\" srcset=\"https:\/\/handling.co.mz\/pt\/wp-content\/uploads\/sites\/2\/2024\/09\/staff-house-logo.png 289w, https:\/\/handling.co.mz\/pt\/wp-content\/uploads\/sites\/2\/2024\/09\/staff-house-logo-150x150.png 150w\" sizes=\"(max-width: 289px) 100vw, 289px\" \/>\t\t\t\t\t\t\t\t\t\t\t\t\t<\/div>\n\t\t\t\t<\/div>\n\t\t\t\t<div class=\"elementor-element elementor-element-9d0275c elementor-widget elementor-widget-heading\" data-id=\"9d0275c\" data-element_type=\"widget\" data-widget_type=\"heading.default\">\n\t\t\t\t<div class=\"elementor-widget-container\">\n\t\t\t<h2 class=\"elementor-heading-title elementor-size-default\">Na Handling, valorizamos profundamente nossos colaboradores.<\/h2>\t\t<\/div>\n\t\t\t\t<\/div>\n\t\t\t\t<\/div>\n\t\t<div class=\"elementor-element elementor-element-da895c0 e-con-full e-flex e-con e-child\" data-id=\"da895c0\" data-element_type=\"container\">\n\t\t\t\t<div class=\"elementor-element elementor-element-57d8c42 elementor-widget elementor-widget-text-editor\" data-id=\"57d8c42\" data-element_type=\"widget\" data-widget_type=\"text-editor.default\">\n\t\t\t\t<div class=\"elementor-widget-container\">\n\t\t\t\t\t\t\t<p><strong>Staff Housing Scheme: Nosso Projeto de Habita\u00e7\u00e3o<\/strong><br \/>Nosso Projeto de Habita\u00e7\u00e3o oferece novas casas para membros da equipe que precisam de assist\u00eancia, garantindo que tenham um lar seguro e confort\u00e1vel.<\/p><p><strong>Atendendo Necessidades Cr\u00edticas<\/strong><br \/>Reconhecemos a import\u00e2ncia de condi\u00e7\u00f5es de vida est\u00e1veis. Nosso projeto apoia colaboradores que enfrentam desafios habitacionais, oferecendo um ambiente seguro.<\/p><p><strong>Colabora\u00e7\u00e3o Comunit\u00e1ria<\/strong><br \/>Trabalhamos com construtores locais e autoridades habitacionais para garantir casas de alta qualidade e seguras. Essa colabora\u00e7\u00e3o nos ajuda a entregar moradias bem constru\u00eddas, das quais nossos colaboradores possam se orgulhar.<\/p><p><strong>Impacto a Longo Prazo<\/strong><br \/>Fornecer habita\u00e7\u00e3o melhora a qualidade de vida dos nossos colaboradores, permitindo que se concentrem no trabalho e no crescimento pessoal sem o estresse da instabilidade habitacional. Nosso objetivo \u00e9 criar uma comunidade de apoio onde todos possam prosperar.<\/p><p><strong>Olhando para o Futuro<\/strong><br \/>\u00c0 medida que expandimos nossos esfor\u00e7os, permanecemos comprometidos em fazer uma diferen\u00e7a positiva na vida dos nossos colaboradores. Nosso Projeto de Habita\u00e7\u00e3o \u00e9 uma das muitas maneiras pelas quais apoiamos nossa equipe e constru\u00edmos uma empresa mais forte.<\/p><p>Juntos, podemos garantir que cada colaborador tenha um lugar para chamar de lar.<\/p>\t\t\t\t\t\t<\/div>\n\t\t\t\t<\/div>\n\t\t\t\t<\/div>\n\t\t<div class=\"elementor-element elementor-element-6f9bbdc e-grid e-con-full e-con e-child\" data-id=\"6f9bbdc\" data-element_type=\"container\">\n\t\t\t\t<div class=\"elementor-element elementor-element-445608f elementor-widget elementor-widget-image\" data-id=\"445608f\" data-element_type=\"widget\" data-widget_type=\"image.default\">\n\t\t\t\t<div class=\"elementor-widget-container\">\n\t\t\t\t\t\t\t\t\t\t\t\t\t<img decoding=\"async\" width=\"531\" height=\"597\" src=\"https:\/\/handling.co.mz\/pt\/wp-content\/uploads\/sites\/2\/2024\/09\/Layer-16.png\" class=\"attachment-large size-large wp-image-580\" alt=\"\" srcset=\"https:\/\/handling.co.mz\/pt\/wp-content\/uploads\/sites\/2\/2024\/09\/Layer-16.png 531w, https:\/\/handling.co.mz\/pt\/wp-content\/uploads\/sites\/2\/2024\/09\/Layer-16-267x300.png 267w\" sizes=\"(max-width: 531px) 100vw, 531px\" \/>\t\t\t\t\t\t\t\t\t\t\t\t\t<\/div>\n\t\t\t\t<\/div>\n\t\t\t\t<div class=\"elementor-element elementor-element-b2d49d3 elementor-widget elementor-widget-image\" data-id=\"b2d49d3\" data-element_type=\"widget\" data-widget_type=\"image.default\">\n\t\t\t\t<div class=\"elementor-widget-container\">\n\t\t\t\t\t\t\t\t\t\t\t\t\t<img decoding=\"async\" width=\"517\" height=\"689\" src=\"https:\/\/handling.co.mz\/pt\/wp-content\/uploads\/sites\/2\/2024\/09\/Layer-17.png\" class=\"attachment-large size-large wp-image-579\" alt=\"\" srcset=\"https:\/\/handling.co.mz\/pt\/wp-content\/uploads\/sites\/2\/2024\/09\/Layer-17.png 517w, https:\/\/handling.co.mz\/pt\/wp-content\/uploads\/sites\/2\/2024\/09\/Layer-17-225x300.png 225w\" sizes=\"(max-width: 517px) 100vw, 517px\" \/>\t\t\t\t\t\t\t\t\t\t\t\t\t<\/div>\n\t\t\t\t<\/div>\n\t\t\t\t<div class=\"elementor-element elementor-element-e294042 elementor-widget elementor-widget-image\" data-id=\"e294042\" data-element_type=\"widget\" data-widget_type=\"image.default\">\n\t\t\t\t<div class=\"elementor-widget-container\">\n\t\t\t\t\t\t\t\t\t\t\t\t\t<img loading=\"lazy\" decoding=\"async\" width=\"584\" height=\"630\" src=\"https:\/\/handling.co.mz\/pt\/wp-content\/uploads\/sites\/2\/2024\/09\/Layer-18.png\" class=\"attachment-large size-large wp-image-578\" alt=\"\" srcset=\"https:\/\/handling.co.mz\/pt\/wp-content\/uploads\/sites\/2\/2024\/09\/Layer-18.png 584w, https:\/\/handling.co.mz\/pt\/wp-content\/uploads\/sites\/2\/2024\/09\/Layer-18-278x300.png 278w\" sizes=\"(max-width: 584px) 100vw, 584px\" \/>\t\t\t\t\t\t\t\t\t\t\t\t\t<\/div>\n\t\t\t\t<\/div>\n\t\t\t\t<div class=\"elementor-element elementor-element-7429e64 elementor-widget elementor-widget-image\" data-id=\"7429e64\" data-element_type=\"widget\" data-widget_type=\"image.default\">\n\t\t\t\t<div class=\"elementor-widget-container\">\n\t\t\t\t\t\t\t\t\t\t\t\t\t<img loading=\"lazy\" decoding=\"async\" width=\"699\" height=\"524\" src=\"https:\/\/handling.co.mz\/pt\/wp-content\/uploads\/sites\/2\/2024\/09\/Layer-19.png\" class=\"attachment-large size-large wp-image-577\" alt=\"\" srcset=\"https:\/\/handling.co.mz\/pt\/wp-content\/uploads\/sites\/2\/2024\/09\/Layer-19.png 699w, https:\/\/handling.co.mz\/pt\/wp-content\/uploads\/sites\/2\/2024\/09\/Layer-19-300x225.png 300w\" sizes=\"(max-width: 699px) 100vw, 699px\" \/>\t\t\t\t\t\t\t\t\t\t\t\t\t<\/div>\n\t\t\t\t<\/div>\n\t\t\t\t<div class=\"elementor-element elementor-element-e571e0e elementor-widget elementor-widget-image\" data-id=\"e571e0e\" data-element_type=\"widget\" data-widget_type=\"image.default\">\n\t\t\t\t<div class=\"elementor-widget-container\">\n\t\t\t\t\t\t\t\t\t\t\t\t\t<img loading=\"lazy\" decoding=\"async\" width=\"708\" height=\"531\" src=\"https:\/\/handling.co.mz\/pt\/wp-content\/uploads\/sites\/2\/2024\/09\/Layer-20.png\" class=\"attachment-large size-large wp-image-576\" alt=\"\" srcset=\"https:\/\/handling.co.mz\/pt\/wp-content\/uploads\/sites\/2\/2024\/09\/Layer-20.png 708w, https:\/\/handling.co.mz\/pt\/wp-content\/uploads\/sites\/2\/2024\/09\/Layer-20-300x225.png 300w\" sizes=\"(max-width: 708px) 100vw, 708px\" \/>\t\t\t\t\t\t\t\t\t\t\t\t\t<\/div>\n\t\t\t\t<\/div>\n\t\t\t\t<div class=\"elementor-element elementor-element-8356a22 elementor-widget elementor-widget-image\" data-id=\"8356a22\" data-element_type=\"widget\" data-widget_type=\"image.default\">\n\t\t\t\t<div class=\"elementor-widget-container\">\n\t\t\t\t\t\t\t\t\t\t\t\t\t<img loading=\"lazy\" decoding=\"async\" width=\"680\" height=\"510\" src=\"https:\/\/handling.co.mz\/pt\/wp-content\/uploads\/sites\/2\/2024\/09\/Layer-21.png\" class=\"attachment-large size-large wp-image-575\" alt=\"\" srcset=\"https:\/\/handling.co.mz\/pt\/wp-content\/uploads\/sites\/2\/2024\/09\/Layer-21.png 680w, https:\/\/handling.co.mz\/pt\/wp-content\/uploads\/sites\/2\/2024\/09\/Layer-21-300x225.png 300w\" sizes=\"(max-width: 680px) 100vw, 680px\" \/>\t\t\t\t\t\t\t\t\t\t\t\t\t<\/div>\n\t\t\t\t<\/div>\n\t\t\t\t<\/div>\n\t\t\t\t\t<\/div>\n\t\t\t\t<\/div>\n\t\t\t\t<\/div>\n\t\t","protected":false},"excerpt":{"rendered":"<p>UM FUTURO MELHOR PARA TODOS Na Handling, valorizamos profundamente nossos colaboradores. Staff Housing Scheme: Nosso Projeto de Habita\u00e7\u00e3o Nosso Projeto de Habita\u00e7\u00e3o oferece novas casas para membros da equipe que precisam de assist\u00eancia, garantindo que tenham um lar seguro e confort\u00e1vel. Atendendo Necessidades Cr\u00edticas Reconhecemos a import\u00e2ncia de condi\u00e7\u00f5es de vida est\u00e1veis. Nosso projeto apoia [&hellip;]<\/p>\n","protected":false},"author":1,"featured_media":0,"parent":80,"menu_order":0,"comment_status":"closed","ping_status":"closed","template":"","meta":{"footnotes":""},"class_list":["post-449","page","type-page","status-publish","hentry","wpbf-post"],"_links":{"self":[{"href":"https:\/\/handling.co.mz\/pt\/wp-json\/wp\/v2\/pages\/449","targetHints":{"allow":["GET"]}}],"collection":[{"href":"https:\/\/handling.co.mz\/pt\/wp-json\/wp\/v2\/pages"}],"about":[{"href":"https:\/\/handling.co.mz\/pt\/wp-json\/wp\/v2\/types\/page"}],"author":[{"embeddable":true,"href":"https:\/\/handling.co.mz\/pt\/wp-json\/wp\/v2\/users\/1"}],"replies":[{"embeddable":true,"href":"https:\/\/handling.co.mz\/pt\/wp-json\/wp\/v2\/comments?post=449"}],"version-history":[{"count":29,"href":"https:\/\/handling.co.mz\/pt\/wp-json\/wp\/v2\/pages\/449\/revisions"}],"predecessor-version":[{"id":771,"href":"https:\/\/handling.co.mz\/pt\/wp-json\/wp\/v2\/pages\/449\/revisions\/771"}],"up":[{"embeddable":true,"href":"https:\/\/handling.co.mz\/pt\/wp-json\/wp\/v2\/pages\/80"}],"wp:attachment":[{"href":"https:\/\/handling.co.mz\/pt\/wp-json\/wp\/v2\/media?parent=449"}],"curies":[{"name":"wp","href":"https:\/\/api.w.org\/{rel}","templated":true}]}}