{"id":451,"date":"2024-09-15T21:07:02","date_gmt":"2024-09-15T21:07:02","guid":{"rendered":"https:\/\/handling.co.mz\/pt\/?page_id=451"},"modified":"2024-09-18T18:40:08","modified_gmt":"2024-09-18T18:40:08","slug":"tiny-treasures","status":"publish","type":"page","link":"https:\/\/handling.co.mz\/pt\/social-responsibility\/tiny-treasures\/","title":{"rendered":"Tiny Treasures"},"content":{"rendered":"\t\t<div data-elementor-type=\"wp-page\" data-elementor-id=\"451\" class=\"elementor elementor-451\">\n\t\t\t\t<div class=\"elementor-element elementor-element-2ab8cdd e-flex e-con-boxed e-con e-parent\" data-id=\"2ab8cdd\" data-element_type=\"container\" data-settings=\"{&quot;background_background&quot;:&quot;classic&quot;}\">\n\t\t\t\t\t<div class=\"e-con-inner\">\n\t\t\t\t<div class=\"elementor-element elementor-element-d79ce2c elementor-widget elementor-widget-heading\" data-id=\"d79ce2c\" data-element_type=\"widget\" data-widget_type=\"heading.default\">\n\t\t\t\t<div class=\"elementor-widget-container\">\n\t\t\t<h1 class=\"elementor-heading-title elementor-size-default\">UM FUTURO MELHOR PARA TODOS<\/h1>\t\t<\/div>\n\t\t\t\t<\/div>\n\t\t\t\t\t<\/div>\n\t\t\t\t<\/div>\n\t\t<div class=\"elementor-element elementor-element-c082798 e-flex e-con-boxed e-con e-parent\" data-id=\"c082798\" data-element_type=\"container\">\n\t\t\t\t\t<div class=\"e-con-inner\">\n\t\t<div class=\"elementor-element elementor-element-a2dea36 e-con-full e-flex e-con e-child\" data-id=\"a2dea36\" data-element_type=\"container\">\n\t\t\t\t<div class=\"elementor-element elementor-element-3a6a0eb elementor-widget elementor-widget-image\" data-id=\"3a6a0eb\" data-element_type=\"widget\" data-widget_type=\"image.default\">\n\t\t\t\t<div class=\"elementor-widget-container\">\n\t\t\t\t\t\t\t\t\t\t\t\t\t<img fetchpriority=\"high\" decoding=\"async\" width=\"290\" height=\"290\" src=\"https:\/\/handling.co.mz\/pt\/wp-content\/uploads\/sites\/2\/2024\/09\/tiny-treasures-logo.png\" class=\"attachment-large size-large wp-image-588\" alt=\"\" srcset=\"https:\/\/handling.co.mz\/pt\/wp-content\/uploads\/sites\/2\/2024\/09\/tiny-treasures-logo.png 290w, https:\/\/handling.co.mz\/pt\/wp-content\/uploads\/sites\/2\/2024\/09\/tiny-treasures-logo-150x150.png 150w\" sizes=\"(max-width: 290px) 100vw, 290px\" \/>\t\t\t\t\t\t\t\t\t\t\t\t\t<\/div>\n\t\t\t\t<\/div>\n\t\t\t\t<div class=\"elementor-element elementor-element-7a976fc elementor-widget elementor-widget-heading\" data-id=\"7a976fc\" data-element_type=\"widget\" data-widget_type=\"heading.default\">\n\t\t\t\t<div class=\"elementor-widget-container\">\n\t\t\t<h2 class=\"elementor-heading-title elementor-size-default\">Na Handling, estamos comprometidos em apoiar novas m\u00e3es e seus beb\u00eas.<\/h2>\t\t<\/div>\n\t\t\t\t<\/div>\n\t\t\t\t<\/div>\n\t\t<div class=\"elementor-element elementor-element-3c5a02f e-con-full e-flex e-con e-child\" data-id=\"3c5a02f\" data-element_type=\"container\">\n\t\t\t\t<div class=\"elementor-element elementor-element-03a2968 elementor-widget elementor-widget-text-editor\" data-id=\"03a2968\" data-element_type=\"widget\" data-widget_type=\"text-editor.default\">\n\t\t\t\t<div class=\"elementor-widget-container\">\n\t\t\t\t\t\t\t<p><strong>Tiny Treasures: Nosso Projeto de Doa\u00e7\u00e3o de Roupas para Beb\u00eas em Maputo<\/strong><br \/>Nosso Projeto de Doa\u00e7\u00e3o de Roupas para Beb\u00eas, em colabora\u00e7\u00e3o com as Irm\u00e3s Franciscanas em Maputo, fornece roupas essenciais para rec\u00e9m-nascidos, garantindo um in\u00edcio de vida quente e confort\u00e1vel.<\/p><p><strong>Atendendo Necessidades Cr\u00edticas<\/strong><br \/>Muitas novas m\u00e3es enfrentam dificuldades para fornecer roupas adequadas para seus beb\u00eas. Nosso projeto distribui roupas infantis para as fam\u00edlias mais necessitadas, ajudando a aliviar os encargos financeiros e garantindo que cada beb\u00ea tenha o essencial.<\/p><p><strong>Colabora\u00e7\u00e3o Comunit\u00e1ria<\/strong><br \/>Trabalhamos com as Irm\u00e3s Franciscanas, que conhecem bem a comunidade local. Sua experi\u00eancia nos ajuda a identificar as fam\u00edlias mais necessitadas e a garantir que nossas doa\u00e7\u00f5es sejam distribu\u00eddas de forma eficiente.<\/p><p><strong>Impacto a Longo Prazo<\/strong><br \/>Fornecer roupas para beb\u00eas melhora o bem-estar de m\u00e3es e beb\u00eas, permitindo que as fam\u00edlias se concentrem em outros aspectos importantes da vida. Nosso objetivo \u00e9 apoiar come\u00e7os saud\u00e1veis e fomentar um senso de cuidado comunit\u00e1rio.<\/p><p><strong>Olhando para o Futuro<\/strong><br \/>\u00c0 medida que expandimos nossos esfor\u00e7os, permanecemos comprometidos em fazer uma diferen\u00e7a positiva na vida de novas m\u00e3es e seus beb\u00eas em Maputo. Nosso Projeto de Doa\u00e7\u00e3o de Roupas para Beb\u00eas \u00e9 uma das muitas maneiras pelas quais estamos trabalhando para criar um ambiente mais solid\u00e1rio e acolhedor para todos.<\/p><p>Juntos, podemos garantir que cada beb\u00ea tenha um in\u00edcio de vida quente e confort\u00e1vel.<\/p>\t\t\t\t\t\t<\/div>\n\t\t\t\t<\/div>\n\t\t\t\t<\/div>\n\t\t<div class=\"elementor-element elementor-element-eec2a1a e-grid e-con-full e-con e-child\" data-id=\"eec2a1a\" data-element_type=\"container\">\n\t\t\t\t<div class=\"elementor-element elementor-element-383e8fa elementor-widget elementor-widget-image\" data-id=\"383e8fa\" data-element_type=\"widget\" data-widget_type=\"image.default\">\n\t\t\t\t<div class=\"elementor-widget-container\">\n\t\t\t\t\t\t\t\t\t\t\t\t\t<img decoding=\"async\" width=\"528\" height=\"704\" src=\"https:\/\/handling.co.mz\/pt\/wp-content\/uploads\/sites\/2\/2024\/09\/Layer-22.png\" class=\"attachment-large size-large wp-image-587\" alt=\"\" srcset=\"https:\/\/handling.co.mz\/pt\/wp-content\/uploads\/sites\/2\/2024\/09\/Layer-22.png 528w, https:\/\/handling.co.mz\/pt\/wp-content\/uploads\/sites\/2\/2024\/09\/Layer-22-225x300.png 225w\" sizes=\"(max-width: 528px) 100vw, 528px\" \/>\t\t\t\t\t\t\t\t\t\t\t\t\t<\/div>\n\t\t\t\t<\/div>\n\t\t\t\t<div class=\"elementor-element elementor-element-9ed82e9 elementor-widget elementor-widget-image\" data-id=\"9ed82e9\" data-element_type=\"widget\" data-widget_type=\"image.default\">\n\t\t\t\t<div class=\"elementor-widget-container\">\n\t\t\t\t\t\t\t\t\t\t\t\t\t<img decoding=\"async\" width=\"537\" height=\"516\" src=\"https:\/\/handling.co.mz\/pt\/wp-content\/uploads\/sites\/2\/2024\/09\/Layer-23.png\" class=\"attachment-large size-large wp-image-586\" alt=\"\" srcset=\"https:\/\/handling.co.mz\/pt\/wp-content\/uploads\/sites\/2\/2024\/09\/Layer-23.png 537w, https:\/\/handling.co.mz\/pt\/wp-content\/uploads\/sites\/2\/2024\/09\/Layer-23-300x288.png 300w\" sizes=\"(max-width: 537px) 100vw, 537px\" \/>\t\t\t\t\t\t\t\t\t\t\t\t\t<\/div>\n\t\t\t\t<\/div>\n\t\t\t\t<div class=\"elementor-element elementor-element-4f2489d elementor-widget elementor-widget-image\" data-id=\"4f2489d\" data-element_type=\"widget\" data-widget_type=\"image.default\">\n\t\t\t\t<div class=\"elementor-widget-container\">\n\t\t\t\t\t\t\t\t\t\t\t\t\t<img loading=\"lazy\" decoding=\"async\" width=\"546\" height=\"605\" src=\"https:\/\/handling.co.mz\/pt\/wp-content\/uploads\/sites\/2\/2024\/09\/Layer-24.png\" class=\"attachment-large size-large wp-image-585\" alt=\"\" srcset=\"https:\/\/handling.co.mz\/pt\/wp-content\/uploads\/sites\/2\/2024\/09\/Layer-24.png 546w, https:\/\/handling.co.mz\/pt\/wp-content\/uploads\/sites\/2\/2024\/09\/Layer-24-271x300.png 271w\" sizes=\"(max-width: 546px) 100vw, 546px\" \/>\t\t\t\t\t\t\t\t\t\t\t\t\t<\/div>\n\t\t\t\t<\/div>\n\t\t\t\t<div class=\"elementor-element elementor-element-7d26255 elementor-widget elementor-widget-image\" data-id=\"7d26255\" data-element_type=\"widget\" data-widget_type=\"image.default\">\n\t\t\t\t<div class=\"elementor-widget-container\">\n\t\t\t\t\t\t\t\t\t\t\t\t\t<img loading=\"lazy\" decoding=\"async\" width=\"592\" height=\"789\" src=\"https:\/\/handling.co.mz\/pt\/wp-content\/uploads\/sites\/2\/2024\/09\/Layer-25.png\" class=\"attachment-large size-large wp-image-584\" alt=\"\" srcset=\"https:\/\/handling.co.mz\/pt\/wp-content\/uploads\/sites\/2\/2024\/09\/Layer-25.png 592w, https:\/\/handling.co.mz\/pt\/wp-content\/uploads\/sites\/2\/2024\/09\/Layer-25-225x300.png 225w\" sizes=\"(max-width: 592px) 100vw, 592px\" \/>\t\t\t\t\t\t\t\t\t\t\t\t\t<\/div>\n\t\t\t\t<\/div>\n\t\t\t\t<div class=\"elementor-element elementor-element-8cf0057 elementor-widget elementor-widget-image\" data-id=\"8cf0057\" data-element_type=\"widget\" data-widget_type=\"image.default\">\n\t\t\t\t<div class=\"elementor-widget-container\">\n\t\t\t\t\t\t\t\t\t\t\t\t\t<img loading=\"lazy\" decoding=\"async\" width=\"510\" height=\"614\" src=\"https:\/\/handling.co.mz\/pt\/wp-content\/uploads\/sites\/2\/2024\/09\/Layer-26.png\" class=\"attachment-large size-large wp-image-583\" alt=\"\" srcset=\"https:\/\/handling.co.mz\/pt\/wp-content\/uploads\/sites\/2\/2024\/09\/Layer-26.png 510w, https:\/\/handling.co.mz\/pt\/wp-content\/uploads\/sites\/2\/2024\/09\/Layer-26-249x300.png 249w\" sizes=\"(max-width: 510px) 100vw, 510px\" \/>\t\t\t\t\t\t\t\t\t\t\t\t\t<\/div>\n\t\t\t\t<\/div>\n\t\t\t\t<div class=\"elementor-element elementor-element-5738394 elementor-widget elementor-widget-image\" data-id=\"5738394\" data-element_type=\"widget\" data-widget_type=\"image.default\">\n\t\t\t\t<div class=\"elementor-widget-container\">\n\t\t\t\t\t\t\t\t\t\t\t\t\t<img loading=\"lazy\" decoding=\"async\" width=\"557\" height=\"645\" src=\"https:\/\/handling.co.mz\/pt\/wp-content\/uploads\/sites\/2\/2024\/09\/Layer-27.png\" class=\"attachment-large size-large wp-image-582\" alt=\"\" srcset=\"https:\/\/handling.co.mz\/pt\/wp-content\/uploads\/sites\/2\/2024\/09\/Layer-27.png 557w, https:\/\/handling.co.mz\/pt\/wp-content\/uploads\/sites\/2\/2024\/09\/Layer-27-259x300.png 259w\" sizes=\"(max-width: 557px) 100vw, 557px\" \/>\t\t\t\t\t\t\t\t\t\t\t\t\t<\/div>\n\t\t\t\t<\/div>\n\t\t\t\t<\/div>\n\t\t\t\t\t<\/div>\n\t\t\t\t<\/div>\n\t\t\t\t<\/div>\n\t\t","protected":false},"excerpt":{"rendered":"<p>UM FUTURO MELHOR PARA TODOS Na Handling, estamos comprometidos em apoiar novas m\u00e3es e seus beb\u00eas. Tiny Treasures: Nosso Projeto de Doa\u00e7\u00e3o de Roupas para Beb\u00eas em Maputo Nosso Projeto de Doa\u00e7\u00e3o de Roupas para Beb\u00eas, em colabora\u00e7\u00e3o com as Irm\u00e3s Franciscanas em Maputo, fornece roupas essenciais para rec\u00e9m-nascidos, garantindo um in\u00edcio de vida quente [&hellip;]<\/p>\n","protected":false},"author":1,"featured_media":0,"parent":80,"menu_order":0,"comment_status":"closed","ping_status":"closed","template":"","meta":{"footnotes":""},"class_list":["post-451","page","type-page","status-publish","hentry","wpbf-post"],"_links":{"self":[{"href":"https:\/\/handling.co.mz\/pt\/wp-json\/wp\/v2\/pages\/451","targetHints":{"allow":["GET"]}}],"collection":[{"href":"https:\/\/handling.co.mz\/pt\/wp-json\/wp\/v2\/pages"}],"about":[{"href":"https:\/\/handling.co.mz\/pt\/wp-json\/wp\/v2\/types\/page"}],"author":[{"embeddable":true,"href":"https:\/\/handling.co.mz\/pt\/wp-json\/wp\/v2\/users\/1"}],"replies":[{"embeddable":true,"href":"https:\/\/handling.co.mz\/pt\/wp-json\/wp\/v2\/comments?post=451"}],"version-history":[{"count":23,"href":"https:\/\/handling.co.mz\/pt\/wp-json\/wp\/v2\/pages\/451\/revisions"}],"predecessor-version":[{"id":772,"href":"https:\/\/handling.co.mz\/pt\/wp-json\/wp\/v2\/pages\/451\/revisions\/772"}],"up":[{"embeddable":true,"href":"https:\/\/handling.co.mz\/pt\/wp-json\/wp\/v2\/pages\/80"}],"wp:attachment":[{"href":"https:\/\/handling.co.mz\/pt\/wp-json\/wp\/v2\/media?parent=451"}],"curies":[{"name":"wp","href":"https:\/\/api.w.org\/{rel}","templated":true}]}}