{"id":453,"date":"2024-09-15T21:08:10","date_gmt":"2024-09-15T21:08:10","guid":{"rendered":"https:\/\/handling.co.mz\/pt\/?page_id=453"},"modified":"2024-09-18T18:40:15","modified_gmt":"2024-09-18T18:40:15","slug":"warm-hearts","status":"publish","type":"page","link":"https:\/\/handling.co.mz\/pt\/social-responsibility\/warm-hearts\/","title":{"rendered":"Warm Hearts"},"content":{"rendered":"\t\t<div data-elementor-type=\"wp-page\" data-elementor-id=\"453\" class=\"elementor elementor-453\">\n\t\t\t\t<div class=\"elementor-element elementor-element-fd6a0dd e-flex e-con-boxed e-con e-parent\" data-id=\"fd6a0dd\" data-element_type=\"container\" data-settings=\"{&quot;background_background&quot;:&quot;classic&quot;}\">\n\t\t\t\t\t<div class=\"e-con-inner\">\n\t\t\t\t<div class=\"elementor-element elementor-element-8ad79b4 elementor-widget elementor-widget-heading\" data-id=\"8ad79b4\" data-element_type=\"widget\" data-widget_type=\"heading.default\">\n\t\t\t\t<div class=\"elementor-widget-container\">\n\t\t\t<h1 class=\"elementor-heading-title elementor-size-default\">UM FUTURO MELHOR PARA TODOS<\/h1>\t\t<\/div>\n\t\t\t\t<\/div>\n\t\t\t\t\t<\/div>\n\t\t\t\t<\/div>\n\t\t<div class=\"elementor-element elementor-element-44f6d83 e-flex e-con-boxed e-con e-parent\" data-id=\"44f6d83\" data-element_type=\"container\">\n\t\t\t\t\t<div class=\"e-con-inner\">\n\t\t<div class=\"elementor-element elementor-element-b33c8a4 e-con-full e-flex e-con e-child\" data-id=\"b33c8a4\" data-element_type=\"container\">\n\t\t\t\t<div class=\"elementor-element elementor-element-d372604 elementor-widget elementor-widget-image\" data-id=\"d372604\" data-element_type=\"widget\" data-widget_type=\"image.default\">\n\t\t\t\t<div class=\"elementor-widget-container\">\n\t\t\t\t\t\t\t\t\t\t\t\t\t<img fetchpriority=\"high\" decoding=\"async\" width=\"288\" height=\"288\" src=\"https:\/\/handling.co.mz\/pt\/wp-content\/uploads\/sites\/2\/2024\/09\/warm-hearts-logo.png\" class=\"attachment-large size-large wp-image-598\" alt=\"\" srcset=\"https:\/\/handling.co.mz\/pt\/wp-content\/uploads\/sites\/2\/2024\/09\/warm-hearts-logo.png 288w, https:\/\/handling.co.mz\/pt\/wp-content\/uploads\/sites\/2\/2024\/09\/warm-hearts-logo-150x150.png 150w\" sizes=\"(max-width: 288px) 100vw, 288px\" \/>\t\t\t\t\t\t\t\t\t\t\t\t\t<\/div>\n\t\t\t\t<\/div>\n\t\t\t\t<div class=\"elementor-element elementor-element-9607dbe elementor-widget elementor-widget-heading\" data-id=\"9607dbe\" data-element_type=\"widget\" data-widget_type=\"heading.default\">\n\t\t\t\t<div class=\"elementor-widget-container\">\n\t\t\t<h2 class=\"elementor-heading-title elementor-size-default\">Na Handling, estamos comprometidos em apoiar comunidades necessitadas.<\/h2>\t\t<\/div>\n\t\t\t\t<\/div>\n\t\t\t\t<\/div>\n\t\t<div class=\"elementor-element elementor-element-30b364e e-con-full e-flex e-con e-child\" data-id=\"30b364e\" data-element_type=\"container\">\n\t\t\t\t<div class=\"elementor-element elementor-element-fa8728b elementor-widget elementor-widget-text-editor\" data-id=\"fa8728b\" data-element_type=\"widget\" data-widget_type=\"text-editor.default\">\n\t\t\t\t<div class=\"elementor-widget-container\">\n\t\t\t\t\t\t\t<p><strong>Warm Hearts: Nosso Projeto de Doa\u00e7\u00e3o de Cobertores em Mo\u00e7ambique<\/strong><br \/>Nosso Projeto de Doa\u00e7\u00e3o de Cobertores fornece cobertores quentes para popula\u00e7\u00f5es vulner\u00e1veis em todo Mo\u00e7ambique durante a esta\u00e7\u00e3o fria, garantindo conforto e calor para todos.<\/p><p><strong>Atendendo Necessidades Cr\u00edticas<\/strong><br \/>Muitas pessoas em Mo\u00e7ambique enfrentam condi\u00e7\u00f5es dif\u00edceis durante a esta\u00e7\u00e3o fria sem prote\u00e7\u00e3o adequada. Nosso projeto distribui cobertores quentes para os mais necessitados, incluindo crian\u00e7as, idosos e fam\u00edlias deslocadas.<\/p><p><strong>Colabora\u00e7\u00e3o Comunit\u00e1ria<\/strong><br \/>Trabalhamos com organiza\u00e7\u00f5es locais e l\u00edderes comunit\u00e1rios para identificar as \u00e1reas com maior necessidade. Isso garante que nossas doa\u00e7\u00f5es de cobertores sejam distribu\u00eddas de forma eficiente e cheguem \u00e0s pessoas que mais precisam.<\/p><p><strong>Impacto a Longo Prazo<\/strong><br \/>Fornecer cobertores quentes melhora a sa\u00fade e o bem-estar das comunidades, permitindo que se concentrem na educa\u00e7\u00e3o, trabalho e outros aspectos importantes da vida sem o peso das doen\u00e7as relacionadas ao frio.<\/p><p><strong>Olhando para o Futuro<\/strong><br \/>\u00c0 medida que expandimos nossos esfor\u00e7os, permanecemos comprometidos em fazer uma diferen\u00e7a positiva na vida das pessoas em todo Mo\u00e7ambique. Nosso Projeto de Doa\u00e7\u00e3o de Cobertores Warm Hearts \u00e9 uma das muitas maneiras pelas quais estamos trabalhando para criar uma sociedade mais equitativa e solid\u00e1ria.<\/p><p>Juntos, podemos trazer calor e conforto para aqueles que precisam, um cobertor de cada vez.<\/p>\t\t\t\t\t\t<\/div>\n\t\t\t\t<\/div>\n\t\t\t\t<\/div>\n\t\t<div class=\"elementor-element elementor-element-8dfde88 e-grid e-con-full e-con e-child\" data-id=\"8dfde88\" data-element_type=\"container\">\n\t\t\t\t<div class=\"elementor-element elementor-element-9d5b29d elementor-widget elementor-widget-image\" data-id=\"9d5b29d\" data-element_type=\"widget\" data-widget_type=\"image.default\">\n\t\t\t\t<div class=\"elementor-widget-container\">\n\t\t\t\t\t\t\t\t\t\t\t\t\t<img decoding=\"async\" width=\"663\" height=\"497\" src=\"https:\/\/handling.co.mz\/pt\/wp-content\/uploads\/sites\/2\/2024\/09\/Layer-28.png\" class=\"attachment-large size-large wp-image-594\" alt=\"\" srcset=\"https:\/\/handling.co.mz\/pt\/wp-content\/uploads\/sites\/2\/2024\/09\/Layer-28.png 663w, https:\/\/handling.co.mz\/pt\/wp-content\/uploads\/sites\/2\/2024\/09\/Layer-28-300x225.png 300w\" sizes=\"(max-width: 663px) 100vw, 663px\" \/>\t\t\t\t\t\t\t\t\t\t\t\t\t<\/div>\n\t\t\t\t<\/div>\n\t\t\t\t<div class=\"elementor-element elementor-element-24e0746 elementor-widget elementor-widget-image\" data-id=\"24e0746\" data-element_type=\"widget\" data-widget_type=\"image.default\">\n\t\t\t\t<div class=\"elementor-widget-container\">\n\t\t\t\t\t\t\t\t\t\t\t\t\t<img decoding=\"async\" width=\"716\" height=\"537\" src=\"https:\/\/handling.co.mz\/pt\/wp-content\/uploads\/sites\/2\/2024\/09\/Layer-33.png\" class=\"attachment-large size-large wp-image-593\" alt=\"\" srcset=\"https:\/\/handling.co.mz\/pt\/wp-content\/uploads\/sites\/2\/2024\/09\/Layer-33.png 716w, https:\/\/handling.co.mz\/pt\/wp-content\/uploads\/sites\/2\/2024\/09\/Layer-33-300x225.png 300w\" sizes=\"(max-width: 716px) 100vw, 716px\" \/>\t\t\t\t\t\t\t\t\t\t\t\t\t<\/div>\n\t\t\t\t<\/div>\n\t\t\t\t<div class=\"elementor-element elementor-element-d8ab3ac elementor-widget elementor-widget-image\" data-id=\"d8ab3ac\" data-element_type=\"widget\" data-widget_type=\"image.default\">\n\t\t\t\t<div class=\"elementor-widget-container\">\n\t\t\t\t\t\t\t\t\t\t\t\t\t<img loading=\"lazy\" decoding=\"async\" width=\"684\" height=\"513\" src=\"https:\/\/handling.co.mz\/pt\/wp-content\/uploads\/sites\/2\/2024\/09\/Layer-29.png\" class=\"attachment-large size-large wp-image-596\" alt=\"\" srcset=\"https:\/\/handling.co.mz\/pt\/wp-content\/uploads\/sites\/2\/2024\/09\/Layer-29.png 684w, https:\/\/handling.co.mz\/pt\/wp-content\/uploads\/sites\/2\/2024\/09\/Layer-29-300x225.png 300w\" sizes=\"(max-width: 684px) 100vw, 684px\" \/>\t\t\t\t\t\t\t\t\t\t\t\t\t<\/div>\n\t\t\t\t<\/div>\n\t\t\t\t<div class=\"elementor-element elementor-element-5989bf4 elementor-widget elementor-widget-image\" data-id=\"5989bf4\" data-element_type=\"widget\" data-widget_type=\"image.default\">\n\t\t\t\t<div class=\"elementor-widget-container\">\n\t\t\t\t\t\t\t\t\t\t\t\t\t<img loading=\"lazy\" decoding=\"async\" width=\"699\" height=\"524\" src=\"https:\/\/handling.co.mz\/pt\/wp-content\/uploads\/sites\/2\/2024\/09\/Layer-31.png\" class=\"attachment-large size-large wp-image-597\" alt=\"\" srcset=\"https:\/\/handling.co.mz\/pt\/wp-content\/uploads\/sites\/2\/2024\/09\/Layer-31.png 699w, https:\/\/handling.co.mz\/pt\/wp-content\/uploads\/sites\/2\/2024\/09\/Layer-31-300x225.png 300w\" sizes=\"(max-width: 699px) 100vw, 699px\" \/>\t\t\t\t\t\t\t\t\t\t\t\t\t<\/div>\n\t\t\t\t<\/div>\n\t\t\t\t<div class=\"elementor-element elementor-element-0a1e051 elementor-widget elementor-widget-image\" data-id=\"0a1e051\" data-element_type=\"widget\" data-widget_type=\"image.default\">\n\t\t\t\t<div class=\"elementor-widget-container\">\n\t\t\t\t\t\t\t\t\t\t\t\t\t<img loading=\"lazy\" decoding=\"async\" width=\"751\" height=\"564\" src=\"https:\/\/handling.co.mz\/pt\/wp-content\/uploads\/sites\/2\/2024\/09\/Layer-32.png\" class=\"attachment-large size-large wp-image-592\" alt=\"\" srcset=\"https:\/\/handling.co.mz\/pt\/wp-content\/uploads\/sites\/2\/2024\/09\/Layer-32.png 751w, https:\/\/handling.co.mz\/pt\/wp-content\/uploads\/sites\/2\/2024\/09\/Layer-32-300x225.png 300w\" sizes=\"(max-width: 751px) 100vw, 751px\" \/>\t\t\t\t\t\t\t\t\t\t\t\t\t<\/div>\n\t\t\t\t<\/div>\n\t\t\t\t<div class=\"elementor-element elementor-element-abd0b9f elementor-widget elementor-widget-image\" data-id=\"abd0b9f\" data-element_type=\"widget\" data-widget_type=\"image.default\">\n\t\t\t\t<div class=\"elementor-widget-container\">\n\t\t\t\t\t\t\t\t\t\t\t\t\t<img decoding=\"async\" width=\"716\" height=\"537\" src=\"https:\/\/handling.co.mz\/pt\/wp-content\/uploads\/sites\/2\/2024\/09\/Layer-33.png\" class=\"attachment-large size-large wp-image-593\" alt=\"\" srcset=\"https:\/\/handling.co.mz\/pt\/wp-content\/uploads\/sites\/2\/2024\/09\/Layer-33.png 716w, https:\/\/handling.co.mz\/pt\/wp-content\/uploads\/sites\/2\/2024\/09\/Layer-33-300x225.png 300w\" sizes=\"(max-width: 716px) 100vw, 716px\" \/>\t\t\t\t\t\t\t\t\t\t\t\t\t<\/div>\n\t\t\t\t<\/div>\n\t\t\t\t<\/div>\n\t\t\t\t\t<\/div>\n\t\t\t\t<\/div>\n\t\t\t\t<\/div>\n\t\t","protected":false},"excerpt":{"rendered":"<p>UM FUTURO MELHOR PARA TODOS Na Handling, estamos comprometidos em apoiar comunidades necessitadas. Warm Hearts: Nosso Projeto de Doa\u00e7\u00e3o de Cobertores em Mo\u00e7ambique Nosso Projeto de Doa\u00e7\u00e3o de Cobertores fornece cobertores quentes para popula\u00e7\u00f5es vulner\u00e1veis em todo Mo\u00e7ambique durante a esta\u00e7\u00e3o fria, garantindo conforto e calor para todos. Atendendo Necessidades Cr\u00edticas Muitas pessoas em Mo\u00e7ambique [&hellip;]<\/p>\n","protected":false},"author":1,"featured_media":0,"parent":80,"menu_order":0,"comment_status":"closed","ping_status":"closed","template":"","meta":{"footnotes":""},"class_list":["post-453","page","type-page","status-publish","hentry","wpbf-post"],"_links":{"self":[{"href":"https:\/\/handling.co.mz\/pt\/wp-json\/wp\/v2\/pages\/453","targetHints":{"allow":["GET"]}}],"collection":[{"href":"https:\/\/handling.co.mz\/pt\/wp-json\/wp\/v2\/pages"}],"about":[{"href":"https:\/\/handling.co.mz\/pt\/wp-json\/wp\/v2\/types\/page"}],"author":[{"embeddable":true,"href":"https:\/\/handling.co.mz\/pt\/wp-json\/wp\/v2\/users\/1"}],"replies":[{"embeddable":true,"href":"https:\/\/handling.co.mz\/pt\/wp-json\/wp\/v2\/comments?post=453"}],"version-history":[{"count":23,"href":"https:\/\/handling.co.mz\/pt\/wp-json\/wp\/v2\/pages\/453\/revisions"}],"predecessor-version":[{"id":773,"href":"https:\/\/handling.co.mz\/pt\/wp-json\/wp\/v2\/pages\/453\/revisions\/773"}],"up":[{"embeddable":true,"href":"https:\/\/handling.co.mz\/pt\/wp-json\/wp\/v2\/pages\/80"}],"wp:attachment":[{"href":"https:\/\/handling.co.mz\/pt\/wp-json\/wp\/v2\/media?parent=453"}],"curies":[{"name":"wp","href":"https:\/\/api.w.org\/{rel}","templated":true}]}}