{"id":62,"date":"2021-03-25T21:25:41","date_gmt":"2021-03-25T21:25:41","guid":{"rendered":"http:\/\/handling.co.mz\/pt\/?page_id=62"},"modified":"2025-10-07T08:59:44","modified_gmt":"2025-10-07T08:59:44","slug":"home","status":"publish","type":"page","link":"https:\/\/handling.co.mz\/pt\/","title":{"rendered":"Home"},"content":{"rendered":"\t\t<div data-elementor-type=\"wp-page\" data-elementor-id=\"62\" class=\"elementor elementor-62\">\n\t\t\t\t\t\t<section class=\"elementor-section elementor-top-section elementor-element elementor-element-65e534ce elementor-section-full_width elementor-section-height-default elementor-section-height-default\" data-id=\"65e534ce\" data-element_type=\"section\">\n\t\t\t\t\t\t<div class=\"elementor-container elementor-column-gap-no\">\n\t\t\t\t\t<div class=\"elementor-column elementor-col-100 elementor-top-column elementor-element elementor-element-4e6760ee\" data-id=\"4e6760ee\" data-element_type=\"column\">\n\t\t\t<div class=\"elementor-widget-wrap elementor-element-populated\">\n\t\t\t\t\t\t<div class=\"elementor-element elementor-element-6cd3fb4 elementor-pagination-position-inside elementor-invisible elementor-widget elementor-widget-image-carousel\" data-id=\"6cd3fb4\" data-element_type=\"widget\" data-settings=\"{&quot;slides_to_show&quot;:&quot;1&quot;,&quot;navigation&quot;:&quot;dots&quot;,&quot;_animation&quot;:&quot;fadeIn&quot;,&quot;autoplay&quot;:&quot;yes&quot;,&quot;pause_on_hover&quot;:&quot;yes&quot;,&quot;pause_on_interaction&quot;:&quot;yes&quot;,&quot;autoplay_speed&quot;:5000,&quot;infinite&quot;:&quot;yes&quot;,&quot;effect&quot;:&quot;slide&quot;,&quot;speed&quot;:500}\" data-widget_type=\"image-carousel.default\">\n\t\t\t\t<div class=\"elementor-widget-container\">\n\t\t\t\t\t<div class=\"elementor-image-carousel-wrapper swiper\" dir=\"ltr\">\n\t\t\t<div class=\"elementor-image-carousel swiper-wrapper\" aria-live=\"off\">\n\t\t\t\t\t\t\t\t<div class=\"swiper-slide\" role=\"group\" aria-roledescription=\"slide\" aria-label=\"1 of 5\"><figure class=\"swiper-slide-inner\"><img decoding=\"async\" class=\"swiper-slide-image\" src=\"https:\/\/handling.co.mz\/pt\/wp-content\/uploads\/sites\/2\/2024\/10\/slide-1.jpg\" alt=\"slide-1\" \/><\/figure><\/div><div class=\"swiper-slide\" role=\"group\" aria-roledescription=\"slide\" aria-label=\"2 of 5\"><figure class=\"swiper-slide-inner\"><img decoding=\"async\" class=\"swiper-slide-image\" src=\"https:\/\/handling.co.mz\/pt\/wp-content\/uploads\/sites\/2\/2024\/10\/slide-2.jpg\" alt=\"slide-2\" \/><\/figure><\/div><div class=\"swiper-slide\" role=\"group\" aria-roledescription=\"slide\" aria-label=\"3 of 5\"><figure class=\"swiper-slide-inner\"><img decoding=\"async\" class=\"swiper-slide-image\" src=\"https:\/\/handling.co.mz\/pt\/wp-content\/uploads\/sites\/2\/2024\/10\/slide-3.jpg\" alt=\"slide-3\" \/><\/figure><\/div><div class=\"swiper-slide\" role=\"group\" aria-roledescription=\"slide\" aria-label=\"4 of 5\"><figure class=\"swiper-slide-inner\"><img decoding=\"async\" class=\"swiper-slide-image\" src=\"https:\/\/handling.co.mz\/pt\/wp-content\/uploads\/sites\/2\/2024\/10\/slide-4.jpg\" alt=\"slide-4\" \/><\/figure><\/div><div class=\"swiper-slide\" role=\"group\" aria-roledescription=\"slide\" aria-label=\"5 of 5\"><figure class=\"swiper-slide-inner\"><img decoding=\"async\" class=\"swiper-slide-image\" src=\"https:\/\/handling.co.mz\/pt\/wp-content\/uploads\/sites\/2\/2024\/10\/slide-5.jpg\" alt=\"slide-5\" \/><\/figure><\/div>\t\t\t<\/div>\n\t\t\t\t\t\t\t\n\t\t\t\t\t\t\t\t\t<div class=\"swiper-pagination\"><\/div>\n\t\t\t\t\t\t\t\t\t<\/div>\n\t\t\t\t<\/div>\n\t\t\t\t<\/div>\n\t\t\t\t\t<\/div>\n\t\t<\/div>\n\t\t\t\t\t<\/div>\n\t\t<\/section>\n\t\t\t\t<section class=\"elementor-section elementor-top-section elementor-element elementor-element-5cbaa81e elementor-section-boxed elementor-section-height-default elementor-section-height-default\" data-id=\"5cbaa81e\" data-element_type=\"section\" id=\"aboutus\" data-settings=\"{&quot;background_background&quot;:&quot;classic&quot;}\">\n\t\t\t\t\t\t<div class=\"elementor-container elementor-column-gap-default\">\n\t\t\t\t\t<div class=\"elementor-column elementor-col-100 elementor-top-column elementor-element elementor-element-1144998d\" data-id=\"1144998d\" data-element_type=\"column\" data-settings=\"{&quot;background_background&quot;:&quot;classic&quot;}\">\n\t\t\t<div class=\"elementor-widget-wrap elementor-element-populated\">\n\t\t\t\t\t\t<div class=\"elementor-element elementor-element-5196b52b elementor-widget elementor-widget-text-editor\" data-id=\"5196b52b\" data-element_type=\"widget\" data-widget_type=\"text-editor.default\">\n\t\t\t\t<div class=\"elementor-widget-container\">\n\t\t\t\t\t\t\t<p>Handling \u00e9 o distribuidor l\u00edder de bebidas em Mo\u00e7ambique. Com o nosso modelo de distribui\u00e7\u00e3o totalmente integrado e uma cultura de inova\u00e7\u00e3o e utiliza\u00e7\u00e3o de novas tecnologias, conectamos todos os dias os produtos dos nossos parceiros a um dos mercados com maior crescimento em \u00c1frica. A nossa rede nacional de 10 centros de distribui\u00e7\u00e3o provinciais, 94 dep\u00f3sitos e uma frota de distribui\u00e7\u00e3o com mais de 300 cami\u00f5es em todas as 11 prov\u00edncias de Mo\u00e7ambique, garantem a liga\u00e7\u00e3o direta dos nossos parceiros ao mercado.<\/p>\t\t\t\t\t\t<\/div>\n\t\t\t\t<\/div>\n\t\t\t\t<section class=\"elementor-section elementor-inner-section elementor-element elementor-element-60c15251 elementor-section-boxed elementor-section-height-default elementor-section-height-default elementor-invisible\" data-id=\"60c15251\" data-element_type=\"section\" data-settings=\"{&quot;animation&quot;:&quot;fadeIn&quot;}\">\n\t\t\t\t\t\t<div class=\"elementor-container elementor-column-gap-default\">\n\t\t\t\t\t<div class=\"elementor-column elementor-col-50 elementor-inner-column elementor-element elementor-element-1374733a\" data-id=\"1374733a\" data-element_type=\"column\">\n\t\t\t<div class=\"elementor-widget-wrap elementor-element-populated\">\n\t\t\t\t\t\t<div class=\"elementor-element elementor-element-55f4633a elementor-widget elementor-widget-image\" data-id=\"55f4633a\" data-element_type=\"widget\" data-widget_type=\"image.default\">\n\t\t\t\t<div class=\"elementor-widget-container\">\n\t\t\t\t\t\t\t\t\t\t\t\t\t<img decoding=\"async\" width=\"393\" height=\"87\" src=\"https:\/\/handling.co.mz\/pt\/wp-content\/uploads\/sites\/2\/2021\/03\/logo_white.png\" class=\"attachment-full size-full wp-image-37\" alt=\"\" srcset=\"https:\/\/handling.co.mz\/pt\/wp-content\/uploads\/sites\/2\/2021\/03\/logo_white.png 393w, https:\/\/handling.co.mz\/pt\/wp-content\/uploads\/sites\/2\/2021\/03\/logo_white-300x66.png 300w\" sizes=\"(max-width: 393px) 100vw, 393px\" \/>\t\t\t\t\t\t\t\t\t\t\t\t\t<\/div>\n\t\t\t\t<\/div>\n\t\t\t\t<div class=\"elementor-element elementor-element-3f519de3 elementor-widget elementor-widget-text-editor\" data-id=\"3f519de3\" data-element_type=\"widget\" data-widget_type=\"text-editor.default\">\n\t\t\t\t<div class=\"elementor-widget-container\">\n\t\t\t\t\t\t\t<p><strong>Handling Comercial:<\/strong><br \/>A Handling Comercial \u00e9 a solu\u00e7\u00e3o focada na area da distribui\u00e7\u00e3o no mercado de Mo\u00e7ambique. A Handling Comercial opera uma rede nacional de 10 centros de distribui\u00e7\u00e3o provinciais, 94 dep\u00f3sitos e uma frota de distribui\u00e7\u00e3o com mais de 300 cami\u00f5es em todas as 11 prov\u00edncias de Mo\u00e7ambique, garantindo a liga\u00e7\u00e3o dos nossos parceiros ao mercado. A Handling Comercial possui 58.000 m\u00b2\/ m\u00eas de capacidade de armazenamento e 240.000 m\u00b2 adicionais de \u00e1rea para apoiar as suas opera\u00e7\u00f5es. N\u00e3o importa qu\u00e3o remota seja a localiza\u00e7\u00e3o, as nossas equipes s\u00e3o especialistas em superar a complexidade e desafios do nosso mercado e est\u00e3o ativas 7 dias por semana para garantir a m\u00e1xima penetra\u00e7\u00e3o e cobertura poss\u00edvel. A distribui\u00e7\u00e3o secund\u00e1ria da Handling cobre uma dist\u00e2ncia di\u00e1ria cumulativa de mais de 20.000kms, realizando 15.000 visitas de clientes por dia.<\/p>\t\t\t\t\t\t<\/div>\n\t\t\t\t<\/div>\n\t\t\t\t\t<\/div>\n\t\t<\/div>\n\t\t\t\t<div class=\"elementor-column elementor-col-50 elementor-inner-column elementor-element elementor-element-5ac7a525\" data-id=\"5ac7a525\" data-element_type=\"column\">\n\t\t\t<div class=\"elementor-widget-wrap elementor-element-populated\">\n\t\t\t\t\t\t<div class=\"elementor-element elementor-element-7197b87e elementor-widget elementor-widget-image\" data-id=\"7197b87e\" data-element_type=\"widget\" data-widget_type=\"image.default\">\n\t\t\t\t<div class=\"elementor-widget-container\">\n\t\t\t\t\t\t\t\t\t\t\t\t\t\t<a href=\"http:\/\/handlinglogistics.co.mz\/\" target=\"_blank\" rel=\"noopener\">\n\t\t\t\t\t\t\t<img decoding=\"async\" width=\"425\" height=\"106\" src=\"https:\/\/handling.co.mz\/pt\/wp-content\/uploads\/sites\/2\/2021\/03\/logo_logistics_white.png\" class=\"attachment-full size-full wp-image-38\" alt=\"\" srcset=\"https:\/\/handling.co.mz\/pt\/wp-content\/uploads\/sites\/2\/2021\/03\/logo_logistics_white.png 425w, https:\/\/handling.co.mz\/pt\/wp-content\/uploads\/sites\/2\/2021\/03\/logo_logistics_white-300x75.png 300w\" sizes=\"(max-width: 425px) 100vw, 425px\" \/>\t\t\t\t\t\t\t\t<\/a>\n\t\t\t\t\t\t\t\t\t\t\t\t\t<\/div>\n\t\t\t\t<\/div>\n\t\t\t\t<div class=\"elementor-element elementor-element-3a5333ee elementor-widget elementor-widget-text-editor\" data-id=\"3a5333ee\" data-element_type=\"widget\" data-widget_type=\"text-editor.default\">\n\t\t\t\t<div class=\"elementor-widget-container\">\n\t\t\t\t\t\t\t<p><b>Handling Logistics:<\/b><br \/>Handling Logistics \u00e9 a solu\u00e7\u00e3o prim\u00e1ria de transporte, armazenamento e log\u00edstica em Mo\u00e7ambique. Trabalhando em colabora\u00e7\u00e3o com a Handling Comercial, oferece uma solu\u00e7\u00e3o log\u00edstica totalmente integrada especializada em superar os desafios log\u00edsticos apresentados pelo mercado Mo\u00e7ambicano. Com uma frota de 55 ve\u00edculos de transporte prim\u00e1rio, tautliners super-links, flat-decks e triaxles, oferece uma solu\u00e7\u00e3o integrada seja qual for a carga. Complementada pela nossa rede de centros de distribui\u00e7\u00e3o, a Handling Logistics garante que os nossos parceiros t\u00eam sempre os melhores n\u00edveis de servi\u00e7o e, assim, otimizam as suas opera\u00e7\u00f5es.<\/p>\t\t\t\t\t\t<\/div>\n\t\t\t\t<\/div>\n\t\t\t\t\t<\/div>\n\t\t<\/div>\n\t\t\t\t\t<\/div>\n\t\t<\/section>\n\t\t\t\t\t<\/div>\n\t\t<\/div>\n\t\t\t\t\t<\/div>\n\t\t<\/section>\n\t\t<div class=\"elementor-element elementor-element-63f53ba card-container e-flex e-con-boxed e-con e-parent\" data-id=\"63f53ba\" data-element_type=\"container\" id=\"incentive-card\">\n\t\t\t\t\t<div class=\"e-con-inner\">\n\t\t\t\t<div class=\"elementor-element elementor-element-85ec3b2 elementor-widget-mobile__width-initial elementor-absolute e-transform phone elementor-widget elementor-widget-image\" data-id=\"85ec3b2\" data-element_type=\"widget\" data-settings=\"{&quot;_position&quot;:&quot;absolute&quot;,&quot;_transform_rotateZ_effect_mobile&quot;:{&quot;unit&quot;:&quot;deg&quot;,&quot;size&quot;:&quot;-10&quot;,&quot;sizes&quot;:[]},&quot;_transform_rotateZ_effect&quot;:{&quot;unit&quot;:&quot;px&quot;,&quot;size&quot;:&quot;&quot;,&quot;sizes&quot;:[]},&quot;_transform_rotateZ_effect_tablet&quot;:{&quot;unit&quot;:&quot;deg&quot;,&quot;size&quot;:&quot;&quot;,&quot;sizes&quot;:[]}}\" data-widget_type=\"image.default\">\n\t\t\t\t<div class=\"elementor-widget-container\">\n\t\t\t\t\t\t\t\t\t\t\t\t\t<img fetchpriority=\"high\" decoding=\"async\" width=\"335\" height=\"640\" src=\"https:\/\/handling.co.mz\/pt\/wp-content\/uploads\/sites\/2\/2024\/10\/Layer-6.png\" class=\"attachment-large size-large wp-image-935\" alt=\"\" srcset=\"https:\/\/handling.co.mz\/pt\/wp-content\/uploads\/sites\/2\/2024\/10\/Layer-6.png 335w, https:\/\/handling.co.mz\/pt\/wp-content\/uploads\/sites\/2\/2024\/10\/Layer-6-157x300.png 157w\" sizes=\"(max-width: 335px) 100vw, 335px\" \/>\t\t\t\t\t\t\t\t\t\t\t\t\t<\/div>\n\t\t\t\t<\/div>\n\t\t\t\t<div class=\"elementor-element elementor-element-fc23f23 elementor-widget-mobile__width-initial elementor-absolute card elementor-widget elementor-widget-image\" data-id=\"fc23f23\" data-element_type=\"widget\" data-settings=\"{&quot;_position&quot;:&quot;absolute&quot;}\" data-widget_type=\"image.default\">\n\t\t\t\t<div class=\"elementor-widget-container\">\n\t\t\t\t\t\t\t\t\t\t\t\t\t<img loading=\"lazy\" decoding=\"async\" width=\"1024\" height=\"605\" src=\"https:\/\/handling.co.mz\/pt\/wp-content\/uploads\/sites\/2\/2024\/10\/card-1024x605-1.png\" class=\"attachment-large size-large wp-image-865\" alt=\"\" srcset=\"https:\/\/handling.co.mz\/pt\/wp-content\/uploads\/sites\/2\/2024\/10\/card-1024x605-1.png 1024w, https:\/\/handling.co.mz\/pt\/wp-content\/uploads\/sites\/2\/2024\/10\/card-1024x605-1-300x177.png 300w, https:\/\/handling.co.mz\/pt\/wp-content\/uploads\/sites\/2\/2024\/10\/card-1024x605-1-768x454.png 768w\" sizes=\"(max-width: 1024px) 100vw, 1024px\" \/>\t\t\t\t\t\t\t\t\t\t\t\t\t<\/div>\n\t\t\t\t<\/div>\n\t\t\t\t<div class=\"elementor-element elementor-element-26a04eb elementor-widget elementor-widget-heading\" data-id=\"26a04eb\" data-element_type=\"widget\" data-widget_type=\"heading.default\">\n\t\t\t\t<div class=\"elementor-widget-container\">\n\t\t\t<h3 class=\"elementor-heading-title elementor-size-default\">Fidelidade que Vale a Pena:<br>Cart\u00e3o do Cliente da Handling<\/h3>\t\t<\/div>\n\t\t\t\t<\/div>\n\t\t\t\t<div class=\"elementor-element elementor-element-f99f124 elementor-widget__width-initial elementor-widget-mobile__width-initial elementor-widget-tablet__width-initial elementor-widget elementor-widget-text-editor\" data-id=\"f99f124\" data-element_type=\"widget\" data-widget_type=\"text-editor.default\">\n\t\t\t\t<div class=\"elementor-widget-container\">\n\t\t\t\t\t\t\t<p>Junte-se \u00e0 fam\u00edlia Handling com o nosso <strong>Cart\u00e3o do Cliente<\/strong> da Handling e seja recompensado a cada compra! Com o seu cart\u00e3o f\u00edsico ou a <strong>Aplica\u00e7\u00e3o do Cart\u00e3o do Cliente<\/strong> da Handling, acumule pontos e troque-os por pr\u00e9mios incr\u00edveis, desde t-shirts a televis\u00f5es de \u00faltima gera\u00e7\u00e3o. Com mais de 100 000 clientes a beneficiar deste programa, a sua fidelidade \u00e9 a nossa prioridade. Para n\u00f3s, os nossos clientes s\u00e3o mais do que consumidores, s\u00e3o parceiros nesta jornada. Quando voc\u00eas ganham, n\u00f3s tamb\u00e9m ganhamos!<\/p>\t\t\t\t\t\t<\/div>\n\t\t\t\t<\/div>\n\t\t\t\t<div class=\"elementor-element elementor-element-0ef9ffa elementor-hidden-mobile elementor-widget elementor-widget-image\" data-id=\"0ef9ffa\" data-element_type=\"widget\" data-widget_type=\"image.default\">\n\t\t\t\t<div class=\"elementor-widget-container\">\n\t\t\t\t\t\t\t\t\t\t\t\t\t<img loading=\"lazy\" decoding=\"async\" width=\"939\" height=\"227\" src=\"https:\/\/handling.co.mz\/pt\/wp-content\/uploads\/sites\/2\/2024\/10\/icons-pt.png\" class=\"attachment-large size-large wp-image-867\" alt=\"\" srcset=\"https:\/\/handling.co.mz\/pt\/wp-content\/uploads\/sites\/2\/2024\/10\/icons-pt.png 939w, https:\/\/handling.co.mz\/pt\/wp-content\/uploads\/sites\/2\/2024\/10\/icons-pt-300x73.png 300w, https:\/\/handling.co.mz\/pt\/wp-content\/uploads\/sites\/2\/2024\/10\/icons-pt-768x186.png 768w\" sizes=\"(max-width: 939px) 100vw, 939px\" \/>\t\t\t\t\t\t\t\t\t\t\t\t\t<\/div>\n\t\t\t\t<\/div>\n\t\t<div class=\"elementor-element elementor-element-30f4b38 e-con-full elementor-hidden-desktop elementor-hidden-tablet e-flex e-con e-child\" data-id=\"30f4b38\" data-element_type=\"container\">\n\t\t\t\t<div class=\"elementor-element elementor-element-c23425f elementor-widget elementor-widget-image\" data-id=\"c23425f\" data-element_type=\"widget\" data-widget_type=\"image.default\">\n\t\t\t\t<div class=\"elementor-widget-container\">\n\t\t\t\t\t\t\t\t\t\t\t\t\t<img loading=\"lazy\" decoding=\"async\" width=\"469\" height=\"227\" src=\"https:\/\/handling.co.mz\/pt\/wp-content\/uploads\/sites\/2\/2024\/10\/icons-pt-1.png\" class=\"attachment-large size-large wp-image-869\" alt=\"\" srcset=\"https:\/\/handling.co.mz\/pt\/wp-content\/uploads\/sites\/2\/2024\/10\/icons-pt-1.png 469w, https:\/\/handling.co.mz\/pt\/wp-content\/uploads\/sites\/2\/2024\/10\/icons-pt-1-300x145.png 300w\" sizes=\"(max-width: 469px) 100vw, 469px\" \/>\t\t\t\t\t\t\t\t\t\t\t\t\t<\/div>\n\t\t\t\t<\/div>\n\t\t\t\t<div class=\"elementor-element elementor-element-4903317 elementor-widget elementor-widget-image\" data-id=\"4903317\" data-element_type=\"widget\" data-widget_type=\"image.default\">\n\t\t\t\t<div class=\"elementor-widget-container\">\n\t\t\t\t\t\t\t\t\t\t\t\t\t<img loading=\"lazy\" decoding=\"async\" width=\"436\" height=\"227\" src=\"https:\/\/handling.co.mz\/pt\/wp-content\/uploads\/sites\/2\/2024\/10\/icons-pt-2.png\" class=\"attachment-large size-large wp-image-868\" alt=\"\" srcset=\"https:\/\/handling.co.mz\/pt\/wp-content\/uploads\/sites\/2\/2024\/10\/icons-pt-2.png 436w, https:\/\/handling.co.mz\/pt\/wp-content\/uploads\/sites\/2\/2024\/10\/icons-pt-2-300x156.png 300w\" sizes=\"(max-width: 436px) 100vw, 436px\" \/>\t\t\t\t\t\t\t\t\t\t\t\t\t<\/div>\n\t\t\t\t<\/div>\n\t\t\t\t<\/div>\n\t\t<div class=\"elementor-element elementor-element-9bd05e2 e-con-full e-flex e-con e-child\" data-id=\"9bd05e2\" data-element_type=\"container\">\n\t\t<div class=\"elementor-element elementor-element-cd3fffe e-con-full e-flex e-con e-child\" data-id=\"cd3fffe\" data-element_type=\"container\">\n\t\t\t\t<div class=\"elementor-element elementor-element-6ce4f00 elementor-widget__width-initial elementor-widget elementor-widget-heading\" data-id=\"6ce4f00\" data-element_type=\"widget\" data-widget_type=\"heading.default\">\n\t\t\t\t<div class=\"elementor-widget-container\">\n\t\t\t<div class=\"elementor-heading-title elementor-size-default\">\u201cA Handling sempre foi uma boa empresa para n\u00f3s. Sempre que precisamos de alguma coisa, ligamos e somos atendidos na hora. Agrade\u00e7o pelo servi\u00e7o que prestam!\u201d<\/div>\t\t<\/div>\n\t\t\t\t<\/div>\n\t\t\t\t<div class=\"elementor-element elementor-element-956a026 elementor-widget elementor-widget-heading\" data-id=\"956a026\" data-element_type=\"widget\" data-widget_type=\"heading.default\">\n\t\t\t\t<div class=\"elementor-widget-container\">\n\t\t\t<p class=\"elementor-heading-title elementor-size-default\">Sr. Alfredo-Matola<\/p>\t\t<\/div>\n\t\t\t\t<\/div>\n\t\t\t\t<\/div>\n\t\t\t\t<div class=\"elementor-element elementor-element-e921122 elementor-widget elementor-widget-image\" data-id=\"e921122\" data-element_type=\"widget\" data-widget_type=\"image.default\">\n\t\t\t\t<div class=\"elementor-widget-container\">\n\t\t\t\t\t\t\t\t\t\t\t\t\t<img loading=\"lazy\" decoding=\"async\" width=\"504\" height=\"386\" src=\"https:\/\/handling.co.mz\/pt\/wp-content\/uploads\/sites\/2\/2024\/10\/hisense.png\" class=\"attachment-large size-large wp-image-866\" alt=\"\" srcset=\"https:\/\/handling.co.mz\/pt\/wp-content\/uploads\/sites\/2\/2024\/10\/hisense.png 504w, https:\/\/handling.co.mz\/pt\/wp-content\/uploads\/sites\/2\/2024\/10\/hisense-300x230.png 300w\" sizes=\"(max-width: 504px) 100vw, 504px\" \/>\t\t\t\t\t\t\t\t\t\t\t\t\t<\/div>\n\t\t\t\t<\/div>\n\t\t\t\t<\/div>\n\t\t\t\t\t<\/div>\n\t\t\t\t<\/div>\n\t\t\t\t<section class=\"elementor-section elementor-top-section elementor-element elementor-element-a4a3e8a elementor-section-boxed elementor-section-height-default elementor-section-height-default\" data-id=\"a4a3e8a\" data-element_type=\"section\" id=\"locations\" data-settings=\"{&quot;background_background&quot;:&quot;classic&quot;}\">\n\t\t\t\t\t\t<div class=\"elementor-container elementor-column-gap-default\">\n\t\t\t\t\t<div class=\"elementor-column elementor-col-100 elementor-top-column elementor-element elementor-element-6f0ff479 elementor-invisible\" data-id=\"6f0ff479\" data-element_type=\"column\" data-settings=\"{&quot;background_background&quot;:&quot;classic&quot;,&quot;animation&quot;:&quot;fadeIn&quot;}\">\n\t\t\t<div class=\"elementor-widget-wrap elementor-element-populated\">\n\t\t\t\t\t\t<section class=\"elementor-section elementor-inner-section elementor-element elementor-element-45f496e8 elementor-section-boxed elementor-section-height-default elementor-section-height-default\" data-id=\"45f496e8\" data-element_type=\"section\">\n\t\t\t\t\t\t<div class=\"elementor-container elementor-column-gap-no\">\n\t\t\t\t\t<div class=\"elementor-column elementor-col-100 elementor-inner-column elementor-element elementor-element-7158fbda\" data-id=\"7158fbda\" data-element_type=\"column\">\n\t\t\t<div class=\"elementor-widget-wrap elementor-element-populated\">\n\t\t\t\t\t\t<div class=\"elementor-element elementor-element-1b3e9a93 elementor-widget elementor-widget-text-editor\" data-id=\"1b3e9a93\" data-element_type=\"widget\" data-widget_type=\"text-editor.default\">\n\t\t\t\t<div class=\"elementor-widget-container\">\n\t\t\t\t\t\t\t<p>Presen\u00e7a nacional de 94 lojas em todas as 11 prov\u00edncias de Mo\u00e7ambique<br \/><a href=\"#\">ENCONTRE A SUA LOJA MAIS PR\u00d3XIMA!<\/a><\/p>\t\t\t\t\t\t<\/div>\n\t\t\t\t<\/div>\n\t\t\t\t\t<\/div>\n\t\t<\/div>\n\t\t\t\t\t<\/div>\n\t\t<\/section>\n\t\t\t\t\t<\/div>\n\t\t<\/div>\n\t\t\t\t\t<\/div>\n\t\t<\/section>\n\t\t\t\t<section class=\"elementor-section elementor-top-section elementor-element elementor-element-1c5e1b8f elementor-section-boxed elementor-section-height-default elementor-section-height-default elementor-invisible\" data-id=\"1c5e1b8f\" data-element_type=\"section\" id=\"contactus\" data-settings=\"{&quot;background_background&quot;:&quot;classic&quot;,&quot;animation&quot;:&quot;fadeIn&quot;}\">\n\t\t\t\t\t\t<div class=\"elementor-container elementor-column-gap-default\">\n\t\t\t\t\t<div class=\"elementor-column elementor-col-100 elementor-top-column elementor-element elementor-element-10d3b37e\" data-id=\"10d3b37e\" data-element_type=\"column\" data-settings=\"{&quot;background_background&quot;:&quot;classic&quot;}\">\n\t\t\t<div class=\"elementor-widget-wrap elementor-element-populated\">\n\t\t\t\t\t\t<section class=\"elementor-section elementor-inner-section elementor-element elementor-element-5222e382 elementor-section-boxed elementor-section-height-default elementor-section-height-default\" data-id=\"5222e382\" data-element_type=\"section\">\n\t\t\t\t\t\t<div class=\"elementor-container elementor-column-gap-no\">\n\t\t\t\t\t<div class=\"elementor-column elementor-col-50 elementor-inner-column elementor-element elementor-element-d456f43\" data-id=\"d456f43\" data-element_type=\"column\">\n\t\t\t<div class=\"elementor-widget-wrap elementor-element-populated\">\n\t\t\t\t\t\t<div class=\"elementor-element elementor-element-7f3b6576 elementor-widget elementor-widget-text-editor\" data-id=\"7f3b6576\" data-element_type=\"widget\" data-widget_type=\"text-editor.default\">\n\t\t\t\t<div class=\"elementor-widget-container\">\n\t\t\t\t\t\t\t<p>Handling Head Office<br \/>Endere\u00e7o f\u00edsico:<br \/>Avenida de Mocambique Nr. 1664<br \/>Zimpeto<br \/>Maputo<\/p><p>Tel: <a class=\"txt-white\" href=\"tel:00258 21 470 616\">+258 20 606 580<\/a><\/p><p>Para obter mais informa\u00e7\u00e3o, envie-nos um e-mail:<br \/><a class=\"txt-white\" href=\"mailto:enquiries@handling.co.mz\">enquiries@handling.co.mz<\/a><\/p>\t\t\t\t\t\t<\/div>\n\t\t\t\t<\/div>\n\t\t\t\t\t<\/div>\n\t\t<\/div>\n\t\t\t\t<div class=\"elementor-column elementor-col-50 elementor-inner-column elementor-element elementor-element-5fae5bf3\" data-id=\"5fae5bf3\" data-element_type=\"column\">\n\t\t\t<div class=\"elementor-widget-wrap elementor-element-populated\">\n\t\t\t\t\t\t<div class=\"elementor-element elementor-element-a213686 elementor-widget elementor-widget-image\" data-id=\"a213686\" data-element_type=\"widget\" data-widget_type=\"image.default\">\n\t\t\t\t<div class=\"elementor-widget-container\">\n\t\t\t\t\t\t\t\t\t\t\t\t\t<img loading=\"lazy\" decoding=\"async\" width=\"650\" height=\"579\" src=\"https:\/\/handling.co.mz\/pt\/wp-content\/uploads\/sites\/2\/2021\/03\/hand.png\" class=\"attachment-full size-full wp-image-53\" alt=\"\" srcset=\"https:\/\/handling.co.mz\/pt\/wp-content\/uploads\/sites\/2\/2021\/03\/hand.png 650w, https:\/\/handling.co.mz\/pt\/wp-content\/uploads\/sites\/2\/2021\/03\/hand-300x267.png 300w\" sizes=\"(max-width: 650px) 100vw, 650px\" \/>\t\t\t\t\t\t\t\t\t\t\t\t\t<\/div>\n\t\t\t\t<\/div>\n\t\t\t\t\t<\/div>\n\t\t<\/div>\n\t\t\t\t\t<\/div>\n\t\t<\/section>\n\t\t\t\t\t<\/div>\n\t\t<\/div>\n\t\t\t\t\t<\/div>\n\t\t<\/section>\n\t\t\t\t<\/div>\n\t\t","protected":false},"excerpt":{"rendered":"<p>Handling \u00e9 o distribuidor l\u00edder de bebidas em Mo\u00e7ambique. Com o nosso modelo de distribui\u00e7\u00e3o totalmente integrado e uma cultura de inova\u00e7\u00e3o e utiliza\u00e7\u00e3o de novas tecnologias, conectamos todos os dias os produtos dos nossos parceiros a um dos mercados com maior crescimento em \u00c1frica. A nossa rede nacional de 10 centros de distribui\u00e7\u00e3o provinciais, [&hellip;]<\/p>\n","protected":false},"author":1,"featured_media":0,"parent":0,"menu_order":0,"comment_status":"closed","ping_status":"closed","template":"","meta":{"footnotes":""},"class_list":["post-62","page","type-page","status-publish","hentry","wpbf-post"],"_links":{"self":[{"href":"https:\/\/handling.co.mz\/pt\/wp-json\/wp\/v2\/pages\/62","targetHints":{"allow":["GET"]}}],"collection":[{"href":"https:\/\/handling.co.mz\/pt\/wp-json\/wp\/v2\/pages"}],"about":[{"href":"https:\/\/handling.co.mz\/pt\/wp-json\/wp\/v2\/types\/page"}],"author":[{"embeddable":true,"href":"https:\/\/handling.co.mz\/pt\/wp-json\/wp\/v2\/users\/1"}],"replies":[{"embeddable":true,"href":"https:\/\/handling.co.mz\/pt\/wp-json\/wp\/v2\/comments?post=62"}],"version-history":[{"count":153,"href":"https:\/\/handling.co.mz\/pt\/wp-json\/wp\/v2\/pages\/62\/revisions"}],"predecessor-version":[{"id":972,"href":"https:\/\/handling.co.mz\/pt\/wp-json\/wp\/v2\/pages\/62\/revisions\/972"}],"wp:attachment":[{"href":"https:\/\/handling.co.mz\/pt\/wp-json\/wp\/v2\/media?parent=62"}],"curies":[{"name":"wp","href":"https:\/\/api.w.org\/{rel}","templated":true}]}}